{"id":1271,"date":"2026-03-24T12:11:35","date_gmt":"2026-03-24T12:11:35","guid":{"rendered":"https:\/\/rentabikehalmstad.se\/fahrradpakete-fuer-gruppen\/"},"modified":"2026-04-07T07:42:27","modified_gmt":"2026-04-07T07:42:27","slug":"fahrradpakete-fuer-gruppen","status":"publish","type":"page","link":"https:\/\/rentabikehalmstad.se\/de\/fahrradpakete-fuer-gruppen\/","title":{"rendered":"Gruppen"},"content":{"rendered":"<div class=\"fusion-fullwidth fullwidth-box fusion-builder-row-1 fusion-flex-container nonhundred-percent-fullwidth non-hundred-percent-height-scrolling\" style=\"--awb-background-position:left top;--awb-border-sizes-top:0px;--awb-border-sizes-bottom:0px;--awb-border-sizes-left:0px;--awb-border-sizes-right:0px;--awb-border-radius-top-left:0px;--awb-border-radius-top-right:0px;--awb-border-radius-bottom-right:0px;--awb-border-radius-bottom-left:0px;--awb-padding-top:60px;--awb-padding-right:0px;--awb-padding-bottom:60px;--awb-padding-left:0px;--awb-flex-wrap:wrap;\" ><div class=\"fusion-builder-row fusion-row fusion-flex-align-items-stretch fusion-flex-content-wrap\" style=\"max-width:1216.8px;margin-left: calc(-4% \/ 2 );margin-right: calc(-4% \/ 2 );\"><div class=\"fusion-layout-column fusion_builder_column fusion-builder-column-0 fusion_builder_column_1_2 1_2 fusion-flex-column\" style=\"--awb-bg-position:center center;--awb-bg-blend:overlay;--awb-bg-size:cover;--awb-width-large:50%;--awb-margin-top-large:0px;--awb-spacing-right-large:3.84%;--awb-margin-bottom-large:0px;--awb-spacing-left-large:3.84%;--awb-width-medium:50%;--awb-spacing-right-medium:3.84%;--awb-spacing-left-medium:3.84%;--awb-width-small:100%;--awb-order-small:1;--awb-spacing-right-small:1.92%;--awb-spacing-left-small:1.92%;\"><div class=\"fusion-column-wrapper fusion-flex-justify-content-flex-start fusion-content-layout-column\"><div class=\"fusion-image-element \" style=\"--awb-caption-title-font-family:var(--h2_typography-font-family);--awb-caption-title-font-weight:var(--h2_typography-font-weight);--awb-caption-title-font-style:var(--h2_typography-font-style);--awb-caption-title-size:var(--h2_typography-font-size);--awb-caption-title-transform:var(--h2_typography-text-transform);--awb-caption-title-line-height:var(--h2_typography-line-height);--awb-caption-title-letter-spacing:var(--h2_typography-letter-spacing);\"><span class=\" fusion-imageframe imageframe-none imageframe-1 hover-type-none\"><img decoding=\"async\" width=\"700\" height=\"847\" title=\"Event\" src=\"https:\/\/rentabikehalmstad.se\/wp-content\/uploads\/2026\/03\/event.jpg\" data-orig-src=\"https:\/\/rentabikehalmstad.se\/wp-content\/uploads\/2026\/03\/event.jpg\" alt class=\"lazyload img-responsive wp-image-1272\" srcset=\"data:image\/svg+xml,%3Csvg%20xmlns%3D%27http%3A%2F%2Fwww.w3.org%2F2000%2Fsvg%27%20width%3D%27700%27%20height%3D%27847%27%20viewBox%3D%270%200%20700%20847%27%3E%3Crect%20width%3D%27700%27%20height%3D%27847%27%20fill-opacity%3D%220%22%2F%3E%3C%2Fsvg%3E\" data-srcset=\"https:\/\/rentabikehalmstad.se\/wp-content\/uploads\/2026\/03\/event-200x242.jpg 200w, https:\/\/rentabikehalmstad.se\/wp-content\/uploads\/2026\/03\/event-400x484.jpg 400w, https:\/\/rentabikehalmstad.se\/wp-content\/uploads\/2026\/03\/event-600x726.jpg 600w, https:\/\/rentabikehalmstad.se\/wp-content\/uploads\/2026\/03\/event.jpg 700w\" data-sizes=\"auto\" data-orig-sizes=\"(max-width: 1024px) 100vw, (max-width: 640px) 100vw, 600px\" \/><\/span><\/div><div ><a class=\"fusion-button button-3d fusion-button-default-size button-default fusion-button-default button-1 fusion-button-default-span fusion-button-default-type\" style=\"--awb-margin-top:20px;\" target=\"_blank\" rel=\"noopener noreferrer\" href=\"https:\/\/kitekalle.se\/wp-content\/uploads\/2025\/01\/Event-med-priser-2025-LR-v2.pdf\"><span class=\"fusion-button-text awb-button__text awb-button__text--default\">Preise und weitere Informationen<\/span><\/a><\/div><\/div><\/div><div class=\"fusion-layout-column fusion_builder_column fusion-builder-column-1 fusion_builder_column_1_2 1_2 fusion-flex-column special\" style=\"--awb-padding-right:15%;--awb-padding-left:30px;--awb-bg-blend:overlay;--awb-bg-size:cover;--awb-width-large:50%;--awb-margin-top-large:0px;--awb-spacing-right-large:3.84%;--awb-margin-bottom-large:0px;--awb-spacing-left-large:3.84%;--awb-width-medium:50%;--awb-spacing-right-medium:3.84%;--awb-spacing-left-medium:3.84%;--awb-width-small:100%;--awb-order-small:0;--awb-spacing-right-small:1.92%;--awb-margin-bottom-small:30px;--awb-spacing-left-small:1.92%;\"><div class=\"fusion-column-wrapper fusion-flex-justify-content-flex-start fusion-content-layout-column\"><div class=\"fusion-separator fusion-full-width-sep\" style=\"align-self: center;margin-left: auto;margin-right: auto;margin-top:30px;width:100%;\"><\/div><div class=\"fusion-title title fusion-title-1 fusion-title-text fusion-title-size-three\" style=\"--awb-margin-top-small:0px;--awb-margin-right-small:0px;--awb-margin-bottom-small:20px;--awb-margin-left-small:0px;--awb-font-size:34px;\"><div class=\"title-sep-container title-sep-container-left fusion-no-large-visibility fusion-no-medium-visibility fusion-no-small-visibility\"><div class=\"title-sep sep- sep-solid\" style=\"border-color:var(--awb-color3);\"><\/div><\/div><span class=\"awb-title-spacer fusion-no-large-visibility fusion-no-medium-visibility fusion-no-small-visibility\"><\/span><h3 class=\"fusion-title-heading title-heading-left fusion-responsive-typography-calculated\" style=\"margin:0;font-size:1em;--fontSize:34;line-height:1;\">Fahrradpakete f\u00fcr Gruppen, Unternehmen und Freundeskreise<\/h3><span class=\"awb-title-spacer\"><\/span><div class=\"title-sep-container title-sep-container-right\"><div class=\"title-sep sep- sep-solid\" style=\"border-color:var(--awb-color3);\"><\/div><\/div><\/div><div class=\"fusion-text fusion-text-1\" style=\"--awb-margin-top:20px;\"><p>Sucht ihr nach einem lustigen, aktiven und unvergesslichen Erlebnis zusammen? Unsere Fahrradpakete f\u00fcr Gruppen sind perfekt f\u00fcr Unternehmen, Freundeskreise, Vereine oder Familien, die Gemeinschaft, Bewegung und Freude verbinden m\u00f6chten \u2013 mit Halmstads sch\u00f6ner Natur als Kulisse. <\/p>\n<p>Wir stellen Touren ganz nach euren W\u00fcnschen zusammen \u2013 egal, ob ihr eine entspannte Radtour am Meer, ein actionreiches Abenteuer im Wald oder einen ganzen Tag voller Aktivit\u00e4ten wollt.<\/p>\n<p><strong>Wie w\u00e4re es mit:<\/strong><\/p>\n<ul>\n<li>FATBIKE Beach Tour, bei der ihr am Strand radelt \u2013 mit der Meeresbrise im Gesicht<\/li>\n<li>Eine Kombitour mit FATBIKE, gefolgt von einem SUP-Abenteuer auf dem Nissan oder dem Fylle\u00e5n<\/li>\n<li>Eine gef\u00fchrte Citytour mit Kultur, Geschichte und lokalen Gen\u00fcssen \u2013 zum Abschluss bei Walters Brygga am Nissan<\/li>\n<\/ul>\n<p>Wir organisieren das meiste \u2013 von Fahrr\u00e4dern, Guides und Logistik bis hin zu Essen, Getr\u00e4nken und zus\u00e4tzlichen Aktivit\u00e4ten. Alles, um ein rundes Gesamterlebnis zu schaffen, bei dem Lachen, Zusammenarbeit und Gemeinschaft im Mittelpunkt stehen. <\/p>\n<p>Perfekt f\u00fcr Konferenzen, Kick-off, Teambuilding, Junggesellinnenabschied, Junggesellenabschied oder einfach einen tollen Tag mit der Gruppe.<\/p>\n<p>Gemeinsam gestalten wir euer n\u00e4chstes Abenteuer auf zwei R\u00e4dern \u2013 einzigartig, aktiv und komplett auf eure Gruppe zugeschnitten.<\/p>\n<\/div><\/div><\/div><\/div><\/div>\n","protected":false},"excerpt":{"rendered":"","protected":false},"author":1,"featured_media":1273,"parent":0,"menu_order":0,"comment_status":"closed","ping_status":"open","template":"100-width.php","meta":{"footnotes":""},"class_list":["post-1271","page","type-page","status-publish","has-post-thumbnail","hentry"],"_links":{"self":[{"href":"https:\/\/rentabikehalmstad.se\/de\/wp-json\/wp\/v2\/pages\/1271","targetHints":{"allow":["GET"]}}],"collection":[{"href":"https:\/\/rentabikehalmstad.se\/de\/wp-json\/wp\/v2\/pages"}],"about":[{"href":"https:\/\/rentabikehalmstad.se\/de\/wp-json\/wp\/v2\/types\/page"}],"author":[{"embeddable":true,"href":"https:\/\/rentabikehalmstad.se\/de\/wp-json\/wp\/v2\/users\/1"}],"replies":[{"embeddable":true,"href":"https:\/\/rentabikehalmstad.se\/de\/wp-json\/wp\/v2\/comments?post=1271"}],"version-history":[{"count":7,"href":"https:\/\/rentabikehalmstad.se\/de\/wp-json\/wp\/v2\/pages\/1271\/revisions"}],"predecessor-version":[{"id":1464,"href":"https:\/\/rentabikehalmstad.se\/de\/wp-json\/wp\/v2\/pages\/1271\/revisions\/1464"}],"wp:featuredmedia":[{"embeddable":true,"href":"https:\/\/rentabikehalmstad.se\/de\/wp-json\/wp\/v2\/media\/1273"}],"wp:attachment":[{"href":"https:\/\/rentabikehalmstad.se\/de\/wp-json\/wp\/v2\/media?parent=1271"}],"curies":[{"name":"wp","href":"https:\/\/api.w.org\/{rel}","templated":true}]}}