{"id":1294,"date":"2015-01-27T11:54:04","date_gmt":"2015-01-27T11:54:04","guid":{"rendered":"https:\/\/rentabikehalmstad.se\/startseite\/"},"modified":"2026-04-09T08:23:50","modified_gmt":"2026-04-09T08:23:50","slug":"startseite","status":"publish","type":"page","link":"https:\/\/rentabikehalmstad.se\/de\/","title":{"rendered":"Startseite"},"content":{"rendered":"<p><div class=\"fusion-fullwidth fullwidth-box fusion-builder-row-1 fusion-flex-container fusion-parallax-none nonhundred-percent-fullwidth non-hundred-percent-height-scrolling lazyload\" style=\"--awb-border-radius-top-left:0px;--awb-border-radius-top-right:0px;--awb-border-radius-bottom-right:0px;--awb-border-radius-bottom-left:0px;--awb-padding-top-small:144px;--awb-padding-bottom-small:144px;--awb-min-height:100vh;--awb-background-color:var(--awb-color6);--awb-background-size:cover;--awb-flex-wrap:wrap;\" data-bg=\"https:\/\/rentabikehalmstad.se\/wp-content\/uploads\/2026\/03\/rabh.jpg\" ><div class=\"fusion-builder-row fusion-row fusion-flex-align-items-center fusion-flex-align-content-center fusion-flex-content-wrap\" style=\"max-width:1216.8px;margin-left: calc(-4% \/ 2 );margin-right: calc(-4% \/ 2 );\"><div class=\"fusion-layout-column fusion_builder_column fusion-builder-column-0 fusion_builder_column_1_1 1_1 fusion-flex-column\" style=\"--awb-bg-size:cover;--awb-width-large:100%;--awb-margin-top-large:0px;--awb-spacing-right-large:1.92%;--awb-margin-bottom-large:0px;--awb-spacing-left-large:1.92%;--awb-width-medium:100%;--awb-order-medium:0;--awb-spacing-right-medium:1.92%;--awb-spacing-left-medium:1.92%;--awb-width-small:100%;--awb-order-small:0;--awb-spacing-right-small:1.92%;--awb-spacing-left-small:1.92%;\"><div class=\"fusion-column-wrapper fusion-column-has-shadow fusion-flex-justify-content-flex-start fusion-content-layout-column\"><div class=\"fusion-title title fusion-title-1 fusion-title-center fusion-title-text fusion-title-size-one\" style=\"--awb-text-color:var(--awb-color1);--awb-margin-top-small:0px;--awb-margin-right-small:0px;--awb-margin-bottom-small:20px;--awb-margin-left-small:0px;--awb-font-size:70px;\"><div class=\"title-sep-container title-sep-container-left\"><div class=\"title-sep sep- sep-solid\" style=\"border-color:var(--awb-color3);\"><\/div><\/div><span class=\"awb-title-spacer\"><\/span><h1 class=\"fusion-title-heading title-heading-center fusion-responsive-typography-calculated\" style=\"margin:0;font-size:1em;--fontSize:70;line-height:var(--awb-typography1-line-height);\">Fahrradverleih &amp; Gep\u00e4cktransport<\/h1><span class=\"awb-title-spacer\"><\/span><div class=\"title-sep-container title-sep-container-right\"><div class=\"title-sep sep- sep-solid\" style=\"border-color:var(--awb-color3);\"><\/div><\/div><\/div><div class=\"fusion-title title fusion-title-2 fusion-title-center fusion-title-text fusion-title-size-two\" style=\"--awb-text-color:var(--awb-color1);--awb-margin-top:24px;--awb-margin-bottom:32px;--awb-margin-top-small:0px;--awb-margin-right-small:0px;--awb-margin-bottom-small:20px;--awb-margin-left-small:0px;--awb-font-size:30px;\"><div class=\"title-sep-container title-sep-container-left\"><div class=\"title-sep sep- sep-solid\" style=\"border-color:var(--awb-color3);\"><\/div><\/div><span class=\"awb-title-spacer\"><\/span><h2 class=\"fusion-title-heading title-heading-center fusion-responsive-typography-calculated\" style=\"margin:0;font-size:1em;--fontSize:30;line-height:var(--awb-typography1-line-height);\">Fahrradverleih Halmstad<\/h2><span class=\"awb-title-spacer\"><\/span><div class=\"title-sep-container title-sep-container-right\"><div class=\"title-sep sep- sep-solid\" style=\"border-color:var(--awb-color3);\"><\/div><\/div><\/div><div style=\"text-align:center;\"><a class=\"fusion-button button-3d fusion-button-default-size button-default fusion-button-default button-1 fusion-button-default-span fusion-button-default-type\" target=\"_blank\" rel=\"noopener noreferrer\" href=\"https:\/\/rentabikehalmstad.se\/boka\/\"><span class=\"fusion-button-text awb-button__text awb-button__text--default\">Fahrrad buchen<\/span><\/a><\/div><\/div><\/div><\/div><\/div><div class=\"fusion-fullwidth fullwidth-box fusion-builder-row-2 fusion-flex-container hundred-percent-fullwidth non-hundred-percent-height-scrolling\" style=\"--awb-background-position:left top;--awb-border-sizes-top:0px;--awb-border-sizes-bottom:0px;--awb-border-sizes-left:0px;--awb-border-sizes-right:0px;--awb-border-radius-top-left:0px;--awb-border-radius-top-right:0px;--awb-border-radius-bottom-right:0px;--awb-border-radius-bottom-left:0px;--awb-padding-top:60px;--awb-padding-right:0px;--awb-padding-bottom:60px;--awb-padding-left:0px;--awb-flex-wrap:wrap;\" ><div class=\"fusion-builder-row fusion-row fusion-flex-align-items-stretch fusion-flex-content-wrap\" style=\"width:104% !important;max-width:104% !important;margin-left: calc(-4% \/ 2 );margin-right: calc(-4% \/ 2 );\"><div class=\"fusion-layout-column fusion_builder_column fusion-builder-column-1 fusion_builder_column_1_2 1_2 fusion-flex-column\" style=\"--awb-bg-position:center center;--awb-bg-blend:overlay;--awb-bg-size:cover;--awb-width-large:50%;--awb-margin-top-large:0px;--awb-spacing-right-large:3.84%;--awb-margin-bottom-large:0px;--awb-spacing-left-large:3.84%;--awb-width-medium:50%;--awb-spacing-right-medium:3.84%;--awb-spacing-left-medium:3.84%;--awb-width-small:100%;--awb-order-small:1;--awb-spacing-right-small:1.92%;--awb-spacing-left-small:1.92%;\"><div class=\"fusion-column-wrapper lazyload fusion-flex-justify-content-flex-start fusion-content-layout-column fusion-empty-column-bg-image fusion-column-has-bg-image\" data-bg-url=\"https:\/\/rentabikehalmstad.se\/wp-content\/uploads\/2026\/03\/rentabikehalmstad.jpg\" data-bg=\"https:\/\/rentabikehalmstad.se\/wp-content\/uploads\/2026\/03\/rentabikehalmstad.jpg\"><img decoding=\"async\" class=\"fusion-empty-dims-img-placeholder fusion-no-large-visibility fusion-no-medium-visibility\" aria-label=\"rentabikehalmstad\" src=\"data:image\/svg+xml,%3Csvg%20xmlns%3D%27http%3A%2F%2Fwww.w3.org%2F2000%2Fsvg%27%20width%3D%271900%27%20height%3D%271247%27%20viewBox%3D%270%200%201900%201247%27%3E%3Crect%20width%3D%271900%27%20height%3D%271247%27%20fill-opacity%3D%220%22%2F%3E%3C%2Fsvg%3E\"><\/div><\/div><div class=\"fusion-layout-column fusion_builder_column fusion-builder-column-2 fusion_builder_column_1_2 1_2 fusion-flex-column special\" style=\"--awb-padding-right:15%;--awb-padding-left:30px;--awb-bg-blend:overlay;--awb-bg-size:cover;--awb-width-large:50%;--awb-margin-top-large:0px;--awb-spacing-right-large:3.84%;--awb-margin-bottom-large:0px;--awb-spacing-left-large:3.84%;--awb-width-medium:50%;--awb-spacing-right-medium:3.84%;--awb-spacing-left-medium:3.84%;--awb-width-small:100%;--awb-order-small:0;--awb-spacing-right-small:1.92%;--awb-margin-bottom-small:30px;--awb-spacing-left-small:1.92%;\"><div class=\"fusion-column-wrapper fusion-flex-justify-content-flex-start fusion-content-layout-column\"><div class=\"fusion-separator fusion-full-width-sep\" style=\"align-self: center;margin-left: auto;margin-right: auto;margin-top:30px;width:100%;\"><\/div><div class=\"fusion-title title fusion-title-3 fusion-title-text fusion-title-size-three\" style=\"--awb-margin-top-small:0px;--awb-margin-right-small:0px;--awb-margin-bottom-small:20px;--awb-margin-left-small:0px;--awb-font-size:34px;\"><div class=\"title-sep-container title-sep-container-left fusion-no-large-visibility fusion-no-medium-visibility fusion-no-small-visibility\"><div class=\"title-sep sep- sep-solid\" style=\"border-color:var(--awb-color3);\"><\/div><\/div><span class=\"awb-title-spacer fusion-no-large-visibility fusion-no-medium-visibility fusion-no-small-visibility\"><\/span><h3 class=\"fusion-title-heading title-heading-left fusion-responsive-typography-calculated\" style=\"margin:0;font-size:1em;--fontSize:34;line-height:2;\">Fahrradverleih Halmstad<\/h3><span class=\"awb-title-spacer\"><\/span><div class=\"title-sep-container title-sep-container-right\"><div class=\"title-sep sep- sep-solid\" style=\"border-color:var(--awb-color3);\"><\/div><\/div><\/div><div class=\"fusion-text fusion-text-1\"><p>Ein Fahrrad in Halmstad zu mieten ist der perfekte Weg, um die natursch\u00f6ne Umgebung der Stadt, den Charme der K\u00fcste und die lebendige Atmosph\u00e4re hautnah zu erleben. Mit seinen vielen fahrradfreundlichen Wegen, sch\u00f6nen Str\u00e4nden und gr\u00fcnen Parks ist Halmstad wie geschaffen daf\u00fcr, auf zwei R\u00e4dern entdeckt zu werden. <\/p>\n<p>Von hier aus kannst du bequem vom Stadtzentrum ans Meer radeln, am Tyl\u00f6sand-Strand entlangfahren, durch die Nissanpromenade oder entlang des Prins Bertils Stig \u2013 einem der beliebtesten K\u00fcstenwanderwege Schwedens. Unterwegs erwarten dich gem\u00fctliche Caf\u00e9s, Kunstwerke unter freiem Himmel und Aussichten, die jeden Tritt in die Pedale lohnenswert machen. <\/p>\n<p>Indem du ein Fahrrad mietest, musst du dir keine Gedanken mehr \u00fcber Parken, Verkehr und Benzin machen \u2013 stattdessen gewinnst du Freiheit, frische Luft und Bewegung. Ob du eine gem\u00fctliche Tour mit der Familie machen, zum Strand radeln oder ein l\u00e4ngeres Abenteuer in Hallands wundersch\u00f6ner Natur erleben m\u00f6chtest \u2013 das passende Fahrrad f\u00fcr dich ist dabei. <\/p>\n<p>Entdecke Halmstad \u2013 in deinem eigenen Tempo, auf dem Fahrrad.<\/p>\n<h3>Fahrradverleih KATTEGATTLEDEN<\/h3>\n<p>Miete ein Fahrrad in Halmstad und erlebe den Kattegattleden auf deine eigene Art \u2013 oder auf einer unserer beliebten Touren. Wir verleihen eine Vielzahl von Fahrradmodellen, die speziell f\u00fcr den Kattegattleden geeignet sind. Du kannst dein Fahrrad \u00fcberall entlang des Kattegattleden abholen und zur\u00fcckgeben \u2013 von Helsingborg bis G\u00f6teborg.  <\/p>\n<p>Ein Fahrrad zu mieten, um den Kattegattleden zu radeln, ist die beste M\u00f6glichkeit, Schwedens ersten nationalen Radweg zu erleben \u2013 ein k\u00fcstennahes Juwel, das sich von Helsingborg bis G\u00f6teborg erstreckt. Der Weg f\u00fchrt durch Halmstad, das in der Mitte der Route liegt und der perfekte Ort ist, um zu starten, zu enden oder eine Pause einzulegen. <br \/>Mit einem gemieteten Fahrrad kannst du das Abenteuer ganz unkompliziert angehen. Du musst kein eigenes Fahrrad transportieren und erh\u00e4ltst stattdessen ein gut gewartetes, komfortables Fahrrad, das bereit ist, an der K\u00fcste entlangzurollen. Der Kattegattleden bietet Kilometer um Kilometer wundersch\u00f6ner K\u00fcste, charmanter Fischerd\u00f6rfer, Sandstr\u00e4nde, lokale Hofl\u00e4den und fantastische Ausblicke aufs Meer.  <\/p>\n<p>Das Radfahren auf dem Weg gibt dir Freiheit, Naturverbundenheit und ein einzigartiges Erlebnis der Westk\u00fcste \u2013 egal ob du eine k\u00fcrzere Tagestour rund um Halmstad oder die gesamte Strecke entlang der Kattegattk\u00fcste w\u00e4hlst.<\/p>\n<p>Miete ein Fahrrad, folge dem Meer und erlebe den Kattegattleden hautnah \u2013 mit dem Wind im R\u00fccken und dem Duft des salzigen Meeres in der Luft.<\/p>\n<\/div><\/div><\/div><div class=\"fusion-layout-column fusion_builder_column fusion-builder-column-3 fusion_builder_column_1_2 1_2 fusion-flex-column special\" style=\"--awb-padding-right:15%;--awb-padding-left:30px;--awb-bg-blend:overlay;--awb-bg-size:cover;--awb-width-large:50%;--awb-margin-top-large:0px;--awb-spacing-right-large:3.84%;--awb-margin-bottom-large:0px;--awb-spacing-left-large:3.84%;--awb-width-medium:50%;--awb-spacing-right-medium:3.84%;--awb-spacing-left-medium:3.84%;--awb-width-small:100%;--awb-order-small:0;--awb-spacing-right-small:1.92%;--awb-margin-bottom-small:30px;--awb-spacing-left-small:1.92%;\"><div class=\"fusion-column-wrapper fusion-flex-justify-content-flex-start fusion-content-layout-column\"><div class=\"fusion-separator fusion-full-width-sep\" style=\"align-self: center;margin-left: auto;margin-right: auto;margin-top:30px;width:100%;\"><\/div><div class=\"fusion-text fusion-text-2\"><p><span style=\"color: #333333; font-family: var(--h2_typography-font-family); font-size: var(--h2_typography-font-size); font-style: var(--h2_typography-font-style,normal); letter-spacing: var(--h2_typography-letter-spacing); text-transform: var(--h2_typography-text-transform); text-align: var(--awb-content-alignment);\">Parkplatz f\u00fcr Fahrradmieter<\/span><\/p>\n<p>Kurzzeitparken gegen\u00fcber dem Gesch\u00e4ft 5 kr\/Std.<br \/>Langzeitparken in unserem eingez\u00e4unten Hinterhof 50 kr pro Tag. Langzeitparken ca. 500 m vom Gesch\u00e4ft entfernt 350 kr\/1\u201330 Tage.<\/p>\n<\/div><\/div><\/div><div class=\"fusion-layout-column fusion_builder_column fusion-builder-column-4 fusion_builder_column_1_2 1_2 fusion-flex-column special\" style=\"--awb-padding-right:15%;--awb-padding-left:30px;--awb-bg-blend:overlay;--awb-bg-size:cover;--awb-width-large:50%;--awb-margin-top-large:0px;--awb-spacing-right-large:3.84%;--awb-margin-bottom-large:0px;--awb-spacing-left-large:3.84%;--awb-width-medium:50%;--awb-spacing-right-medium:3.84%;--awb-spacing-left-medium:3.84%;--awb-width-small:100%;--awb-order-small:0;--awb-spacing-right-small:1.92%;--awb-margin-bottom-small:30px;--awb-spacing-left-small:1.92%;\"><div class=\"fusion-column-wrapper fusion-flex-justify-content-flex-start fusion-content-layout-column\"><div class=\"fusion-separator fusion-full-width-sep\" style=\"align-self: center;margin-left: auto;margin-right: auto;margin-top:30px;width:100%;\"><\/div><div class=\"fusion-text fusion-text-3\"><h2><span style=\"font-family: var(--awb-text-font-family); font-size: var(--awb-font-size); font-style: var(--awb-text-font-style); letter-spacing: var(--awb-letter-spacing); text-align: var(--awb-content-alignment); text-transform: var(--awb-text-transform);\">Gep\u00e4cktransport f\u00fcr Wanderungen entlang der Westk\u00fcste<\/span><\/h2>\n<p>Erlebe die Freiheit des Wanderns ohne schweren Rucksack! Mit unserem Gep\u00e4cktransport f\u00fcr Wanderer kannst du die Natur, den Meerblick und jeden Schritt entlang der wundersch\u00f6nen Wege an der schwedischen Westk\u00fcste in vollen Z\u00fcgen genie\u00dfen \u2013 ganz ohne dir Gedanken \u00fcber dein Gep\u00e4ck zu machen.<br \/>Wir transportieren dein Gep\u00e4ck sicher und unkompliziert zwischen deinen Unterk\u00fcnften unterwegs, sodass deine Taschen auf dich warten, wenn du die n\u00e4chste Etappe erreichst. Du musst dich nur auf das Wandern und das Erlebnis konzentrieren \u2013 den Rest \u00fcbernehmen wir. Unser Service deckt die gesamte Strecke von Helsingborg bis G\u00f6teborg ab, mit der M\u00f6glichkeit von Stopps entlang bekannter Wege wie:  <\/p>\n<ul>\n<li>Kattegattleden<\/li>\n<li>Hallandsleden<\/li>\n<li>Sk\u00e5neleden<\/li>\n<li>Kuststigen<\/li>\n<\/ul>\n<p>Egal ob du eine Tagestour machst oder einen l\u00e4ngeren Wanderurlaub planst \u2013 wir bieten einen flexiblen und zuverl\u00e4ssigen Transportservice an, der auf deine Bed\u00fcrfnisse zugeschnitten ist. Wandere leichter, erlebe mehr \u2013 buche Gep\u00e4cktransport f\u00fcr deine n\u00e4chste Wanderung entlang der Westk\u00fcste!<\/p>\n<\/div><\/div><\/div><\/div><\/div><div class=\"fusion-fullwidth fullwidth-box fusion-builder-row-3 fusion-flex-container nonhundred-percent-fullwidth non-hundred-percent-height-scrolling\" style=\"--awb-background-position:left top;--awb-border-sizes-top:0px;--awb-border-sizes-bottom:0px;--awb-border-sizes-left:0px;--awb-border-sizes-right:0px;--awb-border-radius-top-left:0px;--awb-border-radius-top-right:0px;--awb-border-radius-bottom-right:0px;--awb-border-radius-bottom-left:0px;--awb-padding-top:60px;--awb-padding-bottom:0px;--awb-background-color:var(--awb-color2);--awb-flex-wrap:wrap;\" ><div class=\"fusion-builder-row fusion-row fusion-flex-align-items-flex-start fusion-flex-content-wrap\" style=\"max-width:1216.8px;margin-left: calc(-4% \/ 2 );margin-right: calc(-4% \/ 2 );\"><div class=\"fusion-layout-column fusion_builder_column fusion-builder-column-5 fusion_builder_column_1_1 1_1 fusion-flex-column fusion-flex-align-self-flex-start fusion-column-no-min-height\" style=\"--awb-bg-blend:overlay;--awb-bg-size:cover;--awb-width-large:100%;--awb-margin-top-large:0px;--awb-spacing-right-large:1.92%;--awb-margin-bottom-large:0px;--awb-spacing-left-large:1.92%;--awb-width-medium:100%;--awb-spacing-right-medium:1.92%;--awb-spacing-left-medium:1.92%;--awb-width-small:100%;--awb-spacing-right-small:1.92%;--awb-spacing-left-small:1.92%;\"><div class=\"fusion-column-wrapper fusion-flex-justify-content-flex-start fusion-content-layout-column\"><div class=\"fusion-title title fusion-title-4 fusion-title-center fusion-title-text fusion-title-size-two\" style=\"--awb-margin-top-small:0px;--awb-margin-right-small:0px;--awb-margin-bottom-small:20px;--awb-margin-left-small:0px;--awb-font-size:54px;\"><div class=\"title-sep-container title-sep-container-left\"><div class=\"title-sep sep- sep-solid\" style=\"border-color:var(--awb-color3);\"><\/div><\/div><span class=\"awb-title-spacer\"><\/span><h2 class=\"fusion-title-heading title-heading-center fusion-responsive-typography-calculated\" style=\"margin:0;font-size:1em;--fontSize:54;line-height:2;\">\u00d6ffnungszeiten<\/h2><span class=\"awb-title-spacer\"><\/span><div class=\"title-sep-container title-sep-container-right\"><div class=\"title-sep sep- sep-solid\" style=\"border-color:var(--awb-color3);\"><\/div><\/div><\/div><div class=\"fusion-separator\" style=\"align-self: center;margin-left: auto;margin-right: auto;margin-top:20px;margin-bottom:40px;width:100%;max-width:170px;\"><div class=\"fusion-separator-border sep-single sep-solid\" style=\"--awb-height:20px;--awb-amount:20px;--awb-sep-color:var(--awb-color8);border-color:var(--awb-color8);border-top-width:1px;\"><\/div><\/div><\/div><\/div><div class=\"fusion-layout-column fusion_builder_column fusion-builder-column-6 fusion_builder_column_1_6 1_6 fusion-flex-column fusion-no-small-visibility fusion-no-medium-visibility\" style=\"--awb-bg-blend:overlay;--awb-bg-size:cover;--awb-width-large:16.666666666667%;--awb-margin-top-large:0px;--awb-spacing-right-large:11.52%;--awb-margin-bottom-large:20px;--awb-spacing-left-large:11.52%;--awb-width-medium:100%;--awb-spacing-right-medium:1.92%;--awb-spacing-left-medium:1.92%;--awb-width-small:100%;--awb-spacing-right-small:1.92%;--awb-spacing-left-small:1.92%;\"><div class=\"fusion-column-wrapper fusion-flex-justify-content-flex-start fusion-content-layout-column\"><\/div><\/div><div class=\"fusion-layout-column fusion_builder_column fusion-builder-column-7 fusion_builder_column_2_3 2_3 fusion-flex-column\" style=\"--awb-bg-blend:overlay;--awb-bg-size:cover;--awb-width-large:66.666666666667%;--awb-margin-top-large:0px;--awb-spacing-right-large:2.88%;--awb-margin-bottom-large:20px;--awb-spacing-left-large:2.88%;--awb-width-medium:100%;--awb-spacing-right-medium:1.92%;--awb-spacing-left-medium:1.92%;--awb-width-small:100%;--awb-spacing-right-small:1.92%;--awb-spacing-left-small:1.92%;\"><div class=\"fusion-column-wrapper fusion-flex-justify-content-flex-start fusion-content-layout-column\"><div class=\"fusion-text fusion-text-4\" style=\"--awb-content-alignment:center;--awb-font-size:20px;\"><p><strong>Juni\u2013August<\/strong><br \/>Werktags 10\u201317 Uhr<br \/>Wochenende 10\u201313 Uhr<\/p>\n<p><strong>September\u2013Mai<\/strong><br \/>Werktags 10\u201316 Uhr (gebuchte Besuche)<br \/>Samstags 10\u201313 Uhr<\/p>\n<\/div><\/div><\/div><div class=\"fusion-layout-column fusion_builder_column fusion-builder-column-8 fusion_builder_column_1_6 1_6 fusion-flex-column fusion-no-small-visibility fusion-no-medium-visibility\" style=\"--awb-bg-blend:overlay;--awb-bg-size:cover;--awb-width-large:16.666666666667%;--awb-margin-top-large:0px;--awb-spacing-right-large:11.52%;--awb-margin-bottom-large:20px;--awb-spacing-left-large:11.52%;--awb-width-medium:100%;--awb-spacing-right-medium:1.92%;--awb-spacing-left-medium:1.92%;--awb-width-small:100%;--awb-spacing-right-small:1.92%;--awb-spacing-left-small:1.92%;\"><div class=\"fusion-column-wrapper fusion-flex-justify-content-flex-start fusion-content-layout-column\"><\/div><\/div><\/div><\/div><div class=\"fusion-fullwidth fullwidth-box fusion-builder-row-4 fusion-flex-container hundred-percent-fullwidth non-hundred-percent-height-scrolling\" style=\"--awb-background-position:left top;--awb-border-sizes-top:0px;--awb-border-sizes-bottom:0px;--awb-border-sizes-left:0px;--awb-border-sizes-right:0px;--awb-border-radius-top-left:0px;--awb-border-radius-top-right:0px;--awb-border-radius-bottom-right:0px;--awb-border-radius-bottom-left:0px;--awb-padding-top:60px;--awb-padding-right:0px;--awb-padding-bottom:60px;--awb-padding-left:0px;--awb-flex-wrap:wrap;\" ><div class=\"fusion-builder-row fusion-row fusion-flex-align-items-stretch fusion-flex-content-wrap\" style=\"width:104% !important;max-width:104% !important;margin-left: calc(-4% \/ 2 );margin-right: calc(-4% \/ 2 );\"><div class=\"fusion-layout-column fusion_builder_column fusion-builder-column-9 fusion_builder_column_1_2 1_2 fusion-flex-column\" style=\"--awb-padding-top:155px;--awb-padding-bottom:155px;--awb-bg-position:center center;--awb-bg-blend:overlay;--awb-bg-size:cover;--awb-width-large:50%;--awb-margin-top-large:0px;--awb-spacing-right-large:3.84%;--awb-margin-bottom-large:0px;--awb-spacing-left-large:3.84%;--awb-width-medium:50%;--awb-spacing-right-medium:3.84%;--awb-spacing-left-medium:3.84%;--awb-width-small:100%;--awb-order-small:1;--awb-spacing-right-small:1.92%;--awb-spacing-left-small:1.92%;\"><div class=\"fusion-column-wrapper lazyload fusion-flex-justify-content-flex-start fusion-content-layout-column fusion-empty-column-bg-image fusion-column-has-bg-image\" data-bg-url=\"https:\/\/rentabikehalmstad.se\/wp-content\/uploads\/2026\/03\/vandring.jpg\" data-bg=\"https:\/\/rentabikehalmstad.se\/wp-content\/uploads\/2026\/03\/vandring.jpg\"><img decoding=\"async\" class=\"fusion-empty-dims-img-placeholder fusion-no-large-visibility fusion-no-medium-visibility\" aria-label=\"vandring\" src=\"data:image\/svg+xml,%3Csvg%20xmlns%3D%27http%3A%2F%2Fwww.w3.org%2F2000%2Fsvg%27%20width%3D%271000%27%20height%3D%27560%27%20viewBox%3D%270%200%201000%20560%27%3E%3Crect%20width%3D%271000%27%20height%3D%27560%27%20fill-opacity%3D%220%22%2F%3E%3C%2Fsvg%3E\"><\/div><\/div><div class=\"fusion-layout-column fusion_builder_column fusion-builder-column-10 fusion_builder_column_1_2 1_2 fusion-flex-column special\" style=\"--awb-padding-right:15%;--awb-padding-left:30px;--awb-bg-blend:overlay;--awb-bg-size:cover;--awb-width-large:50%;--awb-margin-top-large:0px;--awb-spacing-right-large:3.84%;--awb-margin-bottom-large:0px;--awb-spacing-left-large:3.84%;--awb-width-medium:50%;--awb-spacing-right-medium:3.84%;--awb-spacing-left-medium:3.84%;--awb-width-small:100%;--awb-order-small:0;--awb-spacing-right-small:1.92%;--awb-margin-bottom-small:30px;--awb-spacing-left-small:1.92%;\"><div class=\"fusion-column-wrapper fusion-flex-justify-content-flex-start fusion-content-layout-column\"><div class=\"fusion-separator fusion-full-width-sep\" style=\"align-self: center;margin-left: auto;margin-right: auto;margin-top:30px;width:100%;\"><\/div><div class=\"fusion-title title fusion-title-5 fusion-title-text fusion-title-size-three\" style=\"--awb-margin-top-small:0px;--awb-margin-right-small:0px;--awb-margin-bottom-small:20px;--awb-margin-left-small:0px;--awb-font-size:34px;\"><div class=\"title-sep-container title-sep-container-left fusion-no-large-visibility fusion-no-medium-visibility fusion-no-small-visibility\"><div class=\"title-sep sep- sep-solid\" style=\"border-color:var(--awb-color3);\"><\/div><\/div><span class=\"awb-title-spacer fusion-no-large-visibility fusion-no-medium-visibility fusion-no-small-visibility\"><\/span><h3 class=\"fusion-title-heading title-heading-left fusion-responsive-typography-calculated\" style=\"margin:0;font-size:1em;--fontSize:34;line-height:2;\">Gep\u00e4cktransport f\u00fcrs Wandern<\/h3><span class=\"awb-title-spacer\"><\/span><div class=\"title-sep-container title-sep-container-right\"><div class=\"title-sep sep- sep-solid\" style=\"border-color:var(--awb-color3);\"><\/div><\/div><\/div><div class=\"fusion-text fusion-text-5\"><p>Wir bieten auch Gep\u00e4cktransport f\u00fcr Wanderer an, die die Natur genie\u00dfen m\u00f6chten, ohne schweres Gep\u00e4ck den ganzen Weg tragen zu m\u00fcssen. Mit unserem Gep\u00e4cktransport wanderst du leichter, komfortabler und kannst dich voll auf das Erlebnis konzentrieren. Wir sorgen daf\u00fcr, dass dein Gep\u00e4ck sicher zur n\u00e4chsten Unterkunft oder Etappe transportiert wird, damit deine Wanderung sowohl reibungsloser als auch entspannter wird.<\/p>\n<\/div><\/div><\/div><\/div><\/div><\/p>\n","protected":false},"excerpt":{"rendered":"","protected":false},"author":1,"featured_media":0,"parent":0,"menu_order":0,"comment_status":"closed","ping_status":"open","template":"100-width.php","meta":{"footnotes":""},"class_list":["post-1294","page","type-page","status-publish","hentry"],"_links":{"self":[{"href":"https:\/\/rentabikehalmstad.se\/de\/wp-json\/wp\/v2\/pages\/1294","targetHints":{"allow":["GET"]}}],"collection":[{"href":"https:\/\/rentabikehalmstad.se\/de\/wp-json\/wp\/v2\/pages"}],"about":[{"href":"https:\/\/rentabikehalmstad.se\/de\/wp-json\/wp\/v2\/types\/page"}],"author":[{"embeddable":true,"href":"https:\/\/rentabikehalmstad.se\/de\/wp-json\/wp\/v2\/users\/1"}],"replies":[{"embeddable":true,"href":"https:\/\/rentabikehalmstad.se\/de\/wp-json\/wp\/v2\/comments?post=1294"}],"version-history":[{"count":9,"href":"https:\/\/rentabikehalmstad.se\/de\/wp-json\/wp\/v2\/pages\/1294\/revisions"}],"predecessor-version":[{"id":1498,"href":"https:\/\/rentabikehalmstad.se\/de\/wp-json\/wp\/v2\/pages\/1294\/revisions\/1498"}],"wp:attachment":[{"href":"https:\/\/rentabikehalmstad.se\/de\/wp-json\/wp\/v2\/media?parent=1294"}],"curies":[{"name":"wp","href":"https:\/\/api.w.org\/{rel}","templated":true}]}}