{"id":1345,"date":"2026-03-24T10:53:15","date_gmt":"2026-03-24T10:53:15","guid":{"rendered":"https:\/\/rentabikehalmstad.se\/kattegattleden\/"},"modified":"2026-04-01T09:42:34","modified_gmt":"2026-04-01T09:42:34","slug":"kattegattleden","status":"publish","type":"page","link":"https:\/\/rentabikehalmstad.se\/de\/kattegattleden\/","title":{"rendered":"Kattegattleden"},"content":{"rendered":"<p><div class=\"fusion-fullwidth fullwidth-box fusion-builder-row-1 fusion-flex-container nonhundred-percent-fullwidth non-hundred-percent-height-scrolling\" style=\"--awb-background-position:left top;--awb-border-sizes-top:0px;--awb-border-sizes-bottom:0px;--awb-border-sizes-left:0px;--awb-border-sizes-right:0px;--awb-border-radius-top-left:0px;--awb-border-radius-top-right:0px;--awb-border-radius-bottom-right:0px;--awb-border-radius-bottom-left:0px;--awb-padding-top:60px;--awb-padding-right:0px;--awb-padding-bottom:60px;--awb-padding-left:0px;--awb-flex-wrap:wrap;\" ><div class=\"fusion-builder-row fusion-row fusion-flex-align-items-stretch fusion-flex-content-wrap\" style=\"max-width:1216.8px;margin-left: calc(-4% \/ 2 );margin-right: calc(-4% \/ 2 );\"><div class=\"fusion-layout-column fusion_builder_column fusion-builder-column-0 fusion_builder_column_1_2 1_2 fusion-flex-column\" style=\"--awb-bg-position:center center;--awb-bg-size:cover;--awb-width-large:50%;--awb-margin-top-large:0px;--awb-spacing-right-large:3.84%;--awb-margin-bottom-large:0px;--awb-spacing-left-large:3.84%;--awb-width-medium:50%;--awb-spacing-right-medium:3.84%;--awb-spacing-left-medium:3.84%;--awb-width-small:100%;--awb-order-small:1;--awb-spacing-right-small:1.92%;--awb-spacing-left-small:1.92%;\"><div class=\"fusion-column-wrapper fusion-flex-justify-content-flex-start fusion-content-layout-column\"><div class=\"fusion-image-element \" style=\"--awb-caption-title-font-family:var(--h2_typography-font-family);--awb-caption-title-font-weight:var(--h2_typography-font-weight);--awb-caption-title-font-style:var(--h2_typography-font-style);--awb-caption-title-size:var(--h2_typography-font-size);--awb-caption-title-transform:var(--h2_typography-text-transform);--awb-caption-title-line-height:var(--h2_typography-line-height);--awb-caption-title-letter-spacing:var(--h2_typography-letter-spacing);\"><span class=\" fusion-imageframe imageframe-none imageframe-1 hover-type-none\"><img decoding=\"async\" width=\"534\" height=\"878\" title=\"karta2\" src=\"https:\/\/rentabikehalmstad.se\/wp-content\/uploads\/2026\/03\/karta2.jpg\" data-orig-src=\"https:\/\/rentabikehalmstad.se\/wp-content\/uploads\/2026\/03\/karta2.jpg\" alt class=\"lazyload img-responsive wp-image-1346\" srcset=\"data:image\/svg+xml,%3Csvg%20xmlns%3D%27http%3A%2F%2Fwww.w3.org%2F2000%2Fsvg%27%20width%3D%27534%27%20height%3D%27878%27%20viewBox%3D%270%200%20534%20878%27%3E%3Crect%20width%3D%27534%27%20height%3D%27878%27%20fill-opacity%3D%220%22%2F%3E%3C%2Fsvg%3E\" data-srcset=\"https:\/\/rentabikehalmstad.se\/wp-content\/uploads\/2026\/03\/karta2-200x329.jpg 200w, https:\/\/rentabikehalmstad.se\/wp-content\/uploads\/2026\/03\/karta2-400x658.jpg 400w, https:\/\/rentabikehalmstad.se\/wp-content\/uploads\/2026\/03\/karta2.jpg 534w\" data-sizes=\"auto\" data-orig-sizes=\"(max-width: 1024px) 100vw, (max-width: 640px) 100vw, 534px\" \/><\/span><\/div><\/div><\/div><div class=\"fusion-layout-column fusion_builder_column fusion-builder-column-1 fusion_builder_column_1_2 1_2 fusion-flex-column special\" style=\"--awb-padding-right:15%;--awb-padding-left:30px;--awb-bg-size:cover;--awb-width-large:50%;--awb-margin-top-large:0px;--awb-spacing-right-large:3.84%;--awb-margin-bottom-large:0px;--awb-spacing-left-large:3.84%;--awb-width-medium:50%;--awb-spacing-right-medium:3.84%;--awb-spacing-left-medium:3.84%;--awb-width-small:100%;--awb-order-small:0;--awb-spacing-right-small:1.92%;--awb-margin-bottom-small:30px;--awb-spacing-left-small:1.92%;\"><div class=\"fusion-column-wrapper fusion-flex-justify-content-flex-start fusion-content-layout-column\"><div class=\"fusion-separator fusion-full-width-sep\" style=\"align-self: center;margin-left: auto;margin-right: auto;margin-top:30px;width:100%;\"><\/div><div class=\"fusion-title title fusion-title-1 fusion-title-text fusion-title-size-three\" style=\"--awb-margin-top-small:0px;--awb-margin-right-small:0px;--awb-margin-bottom-small:20px;--awb-margin-left-small:0px;--awb-font-size:34px;\"><div class=\"title-sep-container title-sep-container-left fusion-no-large-visibility fusion-no-medium-visibility fusion-no-small-visibility\"><div class=\"title-sep sep- sep-solid\" style=\"border-color:var(--awb-color3);\"><\/div><\/div><span class=\"awb-title-spacer fusion-no-large-visibility fusion-no-medium-visibility fusion-no-small-visibility\"><\/span><h3 class=\"fusion-title-heading title-heading-left fusion-responsive-typography-calculated\" style=\"margin:0;font-size:1em;--fontSize:34;line-height:1;\"><span style=\"font-size:20px;\">Kattegattleden<\/span><br \/>ein k\u00fcstennahes Fahrraderlebnis!<\/h3><span class=\"awb-title-spacer\"><\/span><div class=\"title-sep-container title-sep-container-right\"><div class=\"title-sep sep- sep-solid\" style=\"border-color:var(--awb-color3);\"><\/div><\/div><\/div><div class=\"fusion-text fusion-text-1\" style=\"--awb-margin-top:20px;\"><p>Schwedens erster nationaler Radweg \u2013 ist ein 370 km langer Radweg mit einzigartig k\u00fcstennaher Lage, der zwischen Helsingborg im S\u00fcden und G\u00f6teborg im Norden verl\u00e4uft, den ganzen Weg durch Halland. Der Kattegattleden ist in 8 Teilstrecken unterteilt, und entlang dieser Strecken findest du interessante Ausflugsziele, wo du \u00fcbernachten, essen, ein Fahrrad mieten und Service entlang des Weges erhalten kannst. <\/p>\n<p><strong>Praktische Informationen<\/strong><br \/>In Helsingborg beginnt und\/oder endet der Kattegattleden am Knutpunkten \u2013 wo sich der Bahnhof und die F\u00e4hranlegestelle befinden.<\/p>\n<p>Denk daran, die \u00d6ffnungszeiten der Sehensw\u00fcrdigkeiten und Einrichtungen, die du besuchen m\u00f6chtest, im Voraus zu pr\u00fcfen, und buche deine Unterkunft am besten fr\u00fchzeitig!<\/p>\n<p><strong>Gep\u00e4cktransport<\/strong><br \/>Wenn du den Kattegattleden radelst, ist es angenehm, sich keine Gedanken \u00fcber Taschen und Gep\u00e4ck machen zu m\u00fcssen. Mit unserem Gep\u00e4cktransportservice wartet dein Gep\u00e4ck auf dich, wenn du an deiner Unterkunft ankommst. Wir transportieren Gep\u00e4ck zwischen Helsingborg und G\u00f6teborg \u2013 du w\u00e4hlst selbst, wie viele Gep\u00e4ckst\u00fccke und zwischen welchen Stopps. Ab 300 Kronen pro Tasche und Stopp.   <\/p>\n<p>Das Jedermannsrecht ist eine einzigartige M\u00f6glichkeit f\u00fcr alle, sich frei in der Natur zu bewegen. Aber du musst auch Verantwortung f\u00fcr Natur und Tierwelt \u00fcbernehmen und R\u00fccksicht auf Grundeigent\u00fcmer und andere Besucher nehmen. Also: nicht st\u00f6ren \u2013 nicht zerst\u00f6ren. Das Jedermannsrecht ist in Nationalparks und Naturschutzgebieten eingeschr\u00e4nkt. Es liegt immer in deiner Verantwortung als Besucher in der Natur, zu wissen, was in dem Gebiet gilt, das du besuchst.  <\/p>\n<p>Denk auch daran, den Radweg frei von M\u00fcll zu halten \u2013 bringe deinen M\u00fcll zum n\u00e4chsten M\u00fclleimer!<\/p>\n<p>Willkommen auf dem Kattegattleden!<\/p>\n<\/div><\/div><\/div><\/div><\/div><div class=\"fusion-fullwidth fullwidth-box fusion-builder-row-2 fusion-flex-container hundred-percent-fullwidth non-hundred-percent-height-scrolling\" style=\"--awb-background-position:left top;--awb-border-sizes-top:0px;--awb-border-sizes-bottom:0px;--awb-border-sizes-left:0px;--awb-border-sizes-right:0px;--awb-border-radius-top-left:0px;--awb-border-radius-top-right:0px;--awb-border-radius-bottom-right:0px;--awb-border-radius-bottom-left:0px;--awb-padding-top:0px;--awb-padding-right:0px;--awb-padding-bottom:-30px;--awb-padding-left:0px;--awb-flex-wrap:wrap;\" ><div class=\"fusion-builder-row fusion-row fusion-flex-align-items-stretch fusion-flex-justify-content-center fusion-flex-content-wrap\" style=\"width:calc( 100% + 0px ) !important;max-width:calc( 100% + 0px ) !important;margin-left: calc(-0px \/ 2 );margin-right: calc(-0px \/ 2 );\"><div class=\"fusion-layout-column fusion_builder_column fusion-builder-column-2 fusion_builder_column_1_4 1_4 fusion-flex-column\" style=\"--awb-padding-top:10%;--awb-padding-right:10%;--awb-padding-bottom:10%;--awb-padding-left:10%;--awb-bg-color:var(--awb-color4);--awb-bg-color-hover:var(--awb-color4);--awb-bg-size:cover;--awb-width-large:25%;--awb-margin-top-large:0px;--awb-spacing-right-large:0px;--awb-margin-bottom-large:0px;--awb-spacing-left-large:0px;--awb-width-medium:100%;--awb-spacing-right-medium:0px;--awb-spacing-left-medium:0px;--awb-width-small:100%;--awb-spacing-right-small:0px;--awb-spacing-left-small:0px;\"><div class=\"fusion-column-wrapper fusion-flex-justify-content-flex-start fusion-content-layout-column\"><div class=\"fusion-text fusion-text-2\" style=\"--awb-font-size:20px;--awb-text-color:var(--awb-color1);\"><p>Helsingborg \u2013 H\u00f6gan\u00e4s<\/p>\n<\/div><div ><a class=\"fusion-button button-3d button-medium button-custom fusion-button-default button-1 fusion-button-default-span fusion-button-default-type\" style=\"--button_bevel_color:var(--awb-color1);--button_bevel_color_hover:var(--awb-color1);--button_accent_color:var(--awb-color4);--button_border_color:var(--awb-color4);--button_accent_hover_color:var(--awb-color1);--button_border_hover_color:var(--awb-color1);--button_gradient_top_color:var(--awb-color1);--button_gradient_bottom_color:var(--awb-color1);--button_gradient_top_color_hover:hsla(var(--awb-color4-h),var(--awb-color4-s),calc(var(--awb-color4-l) + 3%),var(--awb-color4-a));--button_gradient_bottom_color_hover:hsla(var(--awb-color4-h),var(--awb-color4-s),calc(var(--awb-color4-l) + 3%),var(--awb-color4-a));\" target=\"_self\" href=\"https:\/\/rentabikehalmstad.se\/de\/helsingborg-hoeganaes\/\"><span class=\"fusion-button-text awb-button__text awb-button__text--default\">Mehr erfahren<\/span><\/a><\/div><\/div><\/div><div class=\"fusion-layout-column fusion_builder_column fusion-builder-column-3 fusion_builder_column_1_4 1_4 fusion-flex-column\" style=\"--awb-padding-top:10%;--awb-padding-right:10%;--awb-padding-bottom:10%;--awb-padding-left:10%;--awb-bg-color:hsla(var(--awb-color4-h),var(--awb-color4-s),calc(var(--awb-color4-l) + 3%),var(--awb-color4-a));--awb-bg-color-hover:hsla(var(--awb-color4-h),var(--awb-color4-s),calc(var(--awb-color4-l) + 3%),var(--awb-color4-a));--awb-bg-size:cover;--awb-width-large:25%;--awb-margin-top-large:0px;--awb-spacing-right-large:0px;--awb-margin-bottom-large:0px;--awb-spacing-left-large:0px;--awb-width-medium:100%;--awb-spacing-right-medium:0px;--awb-spacing-left-medium:0px;--awb-width-small:100%;--awb-spacing-right-small:0px;--awb-spacing-left-small:0px;\"><div class=\"fusion-column-wrapper fusion-flex-justify-content-flex-start fusion-content-layout-column\"><div class=\"fusion-text fusion-text-3\" style=\"--awb-font-size:20px;--awb-text-color:var(--awb-color1);\"><p>H\u00f6gan\u00e4s \u2013 \u00c4ngelholm<\/p>\n<\/div><div ><a class=\"fusion-button button-3d button-medium button-custom fusion-button-default button-2 fusion-button-default-span fusion-button-default-type\" style=\"--button_bevel_color:var(--awb-color1);--button_bevel_color_hover:var(--awb-color1);--button_accent_color:var(--awb-color4);--button_border_color:var(--awb-color4);--button_accent_hover_color:var(--awb-color1);--button_border_hover_color:var(--awb-color1);--button_gradient_top_color:var(--awb-color1);--button_gradient_bottom_color:var(--awb-color1);--button_gradient_top_color_hover:hsla(var(--awb-color4-h),var(--awb-color4-s),calc(var(--awb-color4-l) + 3%),var(--awb-color4-a));--button_gradient_bottom_color_hover:hsla(var(--awb-color4-h),var(--awb-color4-s),calc(var(--awb-color4-l) + 3%),var(--awb-color4-a));\" target=\"_self\" href=\"https:\/\/rentabikehalmstad.se\/hoganas-angelholm\/\"><span class=\"fusion-button-text awb-button__text awb-button__text--default\">Mehr erfahren<\/span><\/a><\/div><\/div><\/div><div class=\"fusion-layout-column fusion_builder_column fusion-builder-column-4 fusion_builder_column_1_4 1_4 fusion-flex-column\" style=\"--awb-padding-top:10%;--awb-padding-right:10%;--awb-padding-bottom:10%;--awb-padding-left:10%;--awb-bg-color:var(--awb-color4);--awb-bg-color-hover:var(--awb-color4);--awb-bg-size:cover;--awb-width-large:25%;--awb-margin-top-large:0px;--awb-spacing-right-large:0px;--awb-margin-bottom-large:0px;--awb-spacing-left-large:0px;--awb-width-medium:100%;--awb-spacing-right-medium:0px;--awb-spacing-left-medium:0px;--awb-width-small:100%;--awb-spacing-right-small:0px;--awb-spacing-left-small:0px;\"><div class=\"fusion-column-wrapper fusion-flex-justify-content-flex-start fusion-content-layout-column\"><div class=\"fusion-text fusion-text-4\" style=\"--awb-font-size:20px;--awb-text-color:var(--awb-color1);\"><p>\u00c4ngelholm \u2013 B\u00e5stad<\/p>\n<\/div><div ><a class=\"fusion-button button-3d button-medium button-custom fusion-button-default button-3 fusion-button-default-span fusion-button-default-type\" style=\"--button_bevel_color:var(--awb-color1);--button_bevel_color_hover:var(--awb-color1);--button_accent_color:var(--awb-color4);--button_border_color:var(--awb-color4);--button_accent_hover_color:var(--awb-color1);--button_border_hover_color:var(--awb-color1);--button_gradient_top_color:var(--awb-color1);--button_gradient_bottom_color:var(--awb-color1);--button_gradient_top_color_hover:hsla(var(--awb-color4-h),var(--awb-color4-s),calc(var(--awb-color4-l) + 3%),var(--awb-color4-a));--button_gradient_bottom_color_hover:hsla(var(--awb-color4-h),var(--awb-color4-s),calc(var(--awb-color4-l) + 3%),var(--awb-color4-a));\" target=\"_self\" href=\"https:\/\/rentabikehalmstad.se\/de\/aengelholm-bastad\/\"><span class=\"fusion-button-text awb-button__text awb-button__text--default\">Mehr erfahren<\/span><\/a><\/div><\/div><\/div><div class=\"fusion-layout-column fusion_builder_column fusion-builder-column-5 fusion_builder_column_1_4 1_4 fusion-flex-column\" style=\"--awb-padding-top:10%;--awb-padding-right:10%;--awb-padding-bottom:10%;--awb-padding-left:10%;--awb-bg-color:hsla(var(--awb-color4-h),var(--awb-color4-s),calc(var(--awb-color4-l) + 3%),var(--awb-color4-a));--awb-bg-color-hover:hsla(var(--awb-color4-h),var(--awb-color4-s),calc(var(--awb-color4-l) + 3%),var(--awb-color4-a));--awb-bg-size:cover;--awb-width-large:25%;--awb-margin-top-large:0px;--awb-spacing-right-large:0px;--awb-margin-bottom-large:0px;--awb-spacing-left-large:0px;--awb-width-medium:100%;--awb-spacing-right-medium:0px;--awb-spacing-left-medium:0px;--awb-width-small:100%;--awb-spacing-right-small:0px;--awb-spacing-left-small:0px;\"><div class=\"fusion-column-wrapper fusion-flex-justify-content-flex-start fusion-content-layout-column\"><div class=\"fusion-text fusion-text-5\" style=\"--awb-font-size:20px;--awb-text-color:var(--awb-color1);\"><p>B\u00e5stad \u2013 Laholm \u2013 Halmstad<\/p>\n<\/div><div ><a class=\"fusion-button button-3d button-medium button-custom fusion-button-default button-4 fusion-button-default-span fusion-button-default-type\" style=\"--button_bevel_color:var(--awb-color1);--button_bevel_color_hover:var(--awb-color1);--button_accent_color:var(--awb-color4);--button_border_color:var(--awb-color4);--button_accent_hover_color:var(--awb-color1);--button_border_hover_color:var(--awb-color1);--button_gradient_top_color:var(--awb-color1);--button_gradient_bottom_color:var(--awb-color1);--button_gradient_top_color_hover:hsla(var(--awb-color4-h),var(--awb-color4-s),calc(var(--awb-color4-l) + 3%),var(--awb-color4-a));--button_gradient_bottom_color_hover:hsla(var(--awb-color4-h),var(--awb-color4-s),calc(var(--awb-color4-l) + 3%),var(--awb-color4-a));\" target=\"_self\" href=\"https:\/\/rentabikehalmstad.se\/de\/bastad-laholm-halmstad\/\"><span class=\"fusion-button-text awb-button__text awb-button__text--default\">Mehr erfahren<\/span><\/a><\/div><\/div><\/div><div class=\"fusion-layout-column fusion_builder_column fusion-builder-column-6 fusion_builder_column_1_4 1_4 fusion-flex-column\" style=\"--awb-padding-top:10%;--awb-padding-right:10%;--awb-padding-bottom:10%;--awb-padding-left:10%;--awb-bg-color:#f95d36;--awb-bg-color-hover:#f95d36;--awb-bg-size:cover;--awb-width-large:25%;--awb-margin-top-large:0px;--awb-spacing-right-large:0px;--awb-margin-bottom-large:0px;--awb-spacing-left-large:0px;--awb-width-medium:100%;--awb-spacing-right-medium:0px;--awb-spacing-left-medium:0px;--awb-width-small:100%;--awb-spacing-right-small:0px;--awb-spacing-left-small:0px;\"><div class=\"fusion-column-wrapper fusion-flex-justify-content-flex-start fusion-content-layout-column\"><div class=\"fusion-text fusion-text-6\" style=\"--awb-font-size:20px;--awb-text-color:var(--awb-color1);\"><p>Halmstad \u2013 Falkenberg<\/p>\n<\/div><div ><a class=\"fusion-button button-3d button-medium button-custom fusion-button-default button-5 fusion-button-default-span fusion-button-default-type\" style=\"--button_bevel_color:var(--awb-color1);--button_bevel_color_hover:var(--awb-color1);--button_accent_color:var(--awb-color4);--button_border_color:var(--awb-color4);--button_accent_hover_color:var(--awb-color1);--button_border_hover_color:var(--awb-color1);--button_gradient_top_color:var(--awb-color1);--button_gradient_bottom_color:var(--awb-color1);--button_gradient_top_color_hover:hsla(var(--awb-color4-h),var(--awb-color4-s),calc(var(--awb-color4-l) + 3%),var(--awb-color4-a));--button_gradient_bottom_color_hover:hsla(var(--awb-color4-h),var(--awb-color4-s),calc(var(--awb-color4-l) + 3%),var(--awb-color4-a));\" target=\"_self\" href=\"https:\/\/rentabikehalmstad.se\/de\/halmstad-falkenberg\/\"><span class=\"fusion-button-text awb-button__text awb-button__text--default\">Mehr erfahren<\/span><\/a><\/div><\/div><\/div><div class=\"fusion-layout-column fusion_builder_column fusion-builder-column-7 fusion_builder_column_1_4 1_4 fusion-flex-column\" style=\"--awb-padding-top:10%;--awb-padding-right:10%;--awb-padding-bottom:10%;--awb-padding-left:10%;--awb-bg-color:var(--awb-color4);--awb-bg-color-hover:var(--awb-color4);--awb-bg-size:cover;--awb-width-large:25%;--awb-margin-top-large:0px;--awb-spacing-right-large:0px;--awb-margin-bottom-large:0px;--awb-spacing-left-large:0px;--awb-width-medium:100%;--awb-spacing-right-medium:0px;--awb-spacing-left-medium:0px;--awb-width-small:100%;--awb-spacing-right-small:0px;--awb-spacing-left-small:0px;\"><div class=\"fusion-column-wrapper fusion-flex-justify-content-flex-start fusion-content-layout-column\"><div class=\"fusion-text fusion-text-7\" style=\"--awb-font-size:20px;--awb-text-color:var(--awb-color1);\"><p>Falkenberg \u2013 Varberg<\/p>\n<\/div><div ><a class=\"fusion-button button-3d button-medium button-custom fusion-button-default button-6 fusion-button-default-span fusion-button-default-type\" style=\"--button_bevel_color:var(--awb-color1);--button_bevel_color_hover:var(--awb-color1);--button_accent_color:var(--awb-color4);--button_border_color:var(--awb-color4);--button_accent_hover_color:var(--awb-color1);--button_border_hover_color:var(--awb-color1);--button_gradient_top_color:var(--awb-color1);--button_gradient_bottom_color:var(--awb-color1);--button_gradient_top_color_hover:hsla(var(--awb-color4-h),var(--awb-color4-s),calc(var(--awb-color4-l) + 3%),var(--awb-color4-a));--button_gradient_bottom_color_hover:hsla(var(--awb-color4-h),var(--awb-color4-s),calc(var(--awb-color4-l) + 3%),var(--awb-color4-a));\" target=\"_self\" href=\"https:\/\/rentabikehalmstad.se\/de\/falkenberg-varberg\/\"><span class=\"fusion-button-text awb-button__text awb-button__text--default\">Mehr erfahren<\/span><\/a><\/div><\/div><\/div><div class=\"fusion-layout-column fusion_builder_column fusion-builder-column-8 fusion_builder_column_1_4 1_4 fusion-flex-column\" style=\"--awb-padding-top:10%;--awb-padding-right:10%;--awb-padding-bottom:10%;--awb-padding-left:10%;--awb-bg-color:hsla(var(--awb-color4-h),var(--awb-color4-s),calc(var(--awb-color4-l) + 3%),var(--awb-color4-a));--awb-bg-color-hover:hsla(var(--awb-color4-h),var(--awb-color4-s),calc(var(--awb-color4-l) + 3%),var(--awb-color4-a));--awb-bg-size:cover;--awb-width-large:25%;--awb-margin-top-large:0px;--awb-spacing-right-large:0px;--awb-margin-bottom-large:0px;--awb-spacing-left-large:0px;--awb-width-medium:100%;--awb-spacing-right-medium:0px;--awb-spacing-left-medium:0px;--awb-width-small:100%;--awb-spacing-right-small:0px;--awb-spacing-left-small:0px;\"><div class=\"fusion-column-wrapper fusion-flex-justify-content-flex-start fusion-content-layout-column\"><div class=\"fusion-text fusion-text-8\" style=\"--awb-font-size:20px;--awb-text-color:var(--awb-color1);\"><p>Varberg \u2013 Kungsbacka<\/p>\n<\/div><div ><a class=\"fusion-button button-3d button-medium button-custom fusion-button-default button-7 fusion-button-default-span fusion-button-default-type\" style=\"--button_bevel_color:var(--awb-color1);--button_bevel_color_hover:var(--awb-color1);--button_accent_color:var(--awb-color4);--button_border_color:var(--awb-color4);--button_accent_hover_color:var(--awb-color1);--button_border_hover_color:var(--awb-color1);--button_gradient_top_color:var(--awb-color1);--button_gradient_bottom_color:var(--awb-color1);--button_gradient_top_color_hover:hsla(var(--awb-color4-h),var(--awb-color4-s),calc(var(--awb-color4-l) + 3%),var(--awb-color4-a));--button_gradient_bottom_color_hover:hsla(var(--awb-color4-h),var(--awb-color4-s),calc(var(--awb-color4-l) + 3%),var(--awb-color4-a));\" target=\"_self\" href=\"https:\/\/rentabikehalmstad.se\/de\/varberg-kungsbacka\/\"><span class=\"fusion-button-text awb-button__text awb-button__text--default\">Mehr erfahren<\/span><\/a><\/div><\/div><\/div><div class=\"fusion-layout-column fusion_builder_column fusion-builder-column-9 fusion_builder_column_1_4 1_4 fusion-flex-column\" style=\"--awb-padding-top:10%;--awb-padding-right:10%;--awb-padding-bottom:10%;--awb-padding-left:10%;--awb-bg-color:var(--awb-color4);--awb-bg-color-hover:var(--awb-color4);--awb-bg-size:cover;--awb-width-large:25%;--awb-margin-top-large:0px;--awb-spacing-right-large:0px;--awb-margin-bottom-large:0px;--awb-spacing-left-large:0px;--awb-width-medium:100%;--awb-spacing-right-medium:0px;--awb-spacing-left-medium:0px;--awb-width-small:100%;--awb-spacing-right-small:0px;--awb-spacing-left-small:0px;\"><div class=\"fusion-column-wrapper fusion-flex-justify-content-flex-start fusion-content-layout-column\"><div class=\"fusion-text fusion-text-9\" style=\"--awb-font-size:20px;--awb-text-color:var(--awb-color1);\"><p>Kungsbacka \u2013 G\u00f6teborg<\/p>\n<\/div><div ><a class=\"fusion-button button-3d button-medium button-custom fusion-button-default button-8 fusion-button-default-span fusion-button-default-type\" style=\"--button_bevel_color:var(--awb-color1);--button_bevel_color_hover:var(--awb-color1);--button_accent_color:var(--awb-color4);--button_border_color:var(--awb-color4);--button_accent_hover_color:var(--awb-color1);--button_border_hover_color:var(--awb-color1);--button_gradient_top_color:var(--awb-color1);--button_gradient_bottom_color:var(--awb-color1);--button_gradient_top_color_hover:hsla(var(--awb-color4-h),var(--awb-color4-s),calc(var(--awb-color4-l) + 3%),var(--awb-color4-a));--button_gradient_bottom_color_hover:hsla(var(--awb-color4-h),var(--awb-color4-s),calc(var(--awb-color4-l) + 3%),var(--awb-color4-a));\" target=\"_self\" href=\"https:\/\/rentabikehalmstad.se\/de\/kungsbacka-goeteborg\/\"><span class=\"fusion-button-text awb-button__text awb-button__text--default\">Mehr erfahren<\/span><\/a><\/div><\/div><\/div><\/div><\/div>\n<\/p>\n","protected":false},"excerpt":{"rendered":"","protected":false},"author":1,"featured_media":1342,"parent":0,"menu_order":0,"comment_status":"closed","ping_status":"open","template":"100-width.php","meta":{"footnotes":""},"class_list":["post-1345","page","type-page","status-publish","has-post-thumbnail","hentry"],"_links":{"self":[{"href":"https:\/\/rentabikehalmstad.se\/de\/wp-json\/wp\/v2\/pages\/1345","targetHints":{"allow":["GET"]}}],"collection":[{"href":"https:\/\/rentabikehalmstad.se\/de\/wp-json\/wp\/v2\/pages"}],"about":[{"href":"https:\/\/rentabikehalmstad.se\/de\/wp-json\/wp\/v2\/types\/page"}],"author":[{"embeddable":true,"href":"https:\/\/rentabikehalmstad.se\/de\/wp-json\/wp\/v2\/users\/1"}],"replies":[{"embeddable":true,"href":"https:\/\/rentabikehalmstad.se\/de\/wp-json\/wp\/v2\/comments?post=1345"}],"version-history":[{"count":3,"href":"https:\/\/rentabikehalmstad.se\/de\/wp-json\/wp\/v2\/pages\/1345\/revisions"}],"predecessor-version":[{"id":1349,"href":"https:\/\/rentabikehalmstad.se\/de\/wp-json\/wp\/v2\/pages\/1345\/revisions\/1349"}],"wp:featuredmedia":[{"embeddable":true,"href":"https:\/\/rentabikehalmstad.se\/de\/wp-json\/wp\/v2\/media\/1342"}],"wp:attachment":[{"href":"https:\/\/rentabikehalmstad.se\/de\/wp-json\/wp\/v2\/media?parent=1345"}],"curies":[{"name":"wp","href":"https:\/\/api.w.org\/{rel}","templated":true}]}}