{"id":1394,"date":"2026-03-24T11:59:59","date_gmt":"2026-03-24T11:59:59","guid":{"rendered":"https:\/\/rentabikehalmstad.se\/cykelpaket\/"},"modified":"2026-04-09T08:19:08","modified_gmt":"2026-04-09T08:19:08","slug":"cykelpaket","status":"publish","type":"page","link":"https:\/\/rentabikehalmstad.se\/de\/cykelpaket\/","title":{"rendered":"Cykelpaket"},"content":{"rendered":"<div class=\"fusion-fullwidth fullwidth-box fusion-builder-row-1 fusion-flex-container hundred-percent-fullwidth non-hundred-percent-height-scrolling\" style=\"--awb-background-position:left top;--awb-border-sizes-top:0px;--awb-border-sizes-bottom:0px;--awb-border-sizes-left:0px;--awb-border-sizes-right:0px;--awb-border-radius-top-left:0px;--awb-border-radius-top-right:0px;--awb-border-radius-bottom-right:0px;--awb-border-radius-bottom-left:0px;--awb-padding-top:60px;--awb-padding-right:0px;--awb-padding-bottom:60px;--awb-padding-left:0px;--awb-flex-wrap:wrap;\" ><div class=\"fusion-builder-row fusion-row fusion-flex-align-items-stretch fusion-flex-content-wrap\" style=\"width:104% !important;max-width:104% !important;margin-left: calc(-4% \/ 2 );margin-right: calc(-4% \/ 2 );\"><div class=\"fusion-layout-column fusion_builder_column fusion-builder-column-0 fusion_builder_column_1_2 1_2 fusion-flex-column special\" style=\"--awb-padding-right:15%;--awb-padding-left:30px;--awb-bg-blend:overlay;--awb-bg-size:cover;--awb-width-large:50%;--awb-margin-top-large:0px;--awb-spacing-right-large:3.84%;--awb-margin-bottom-large:0px;--awb-spacing-left-large:3.84%;--awb-width-medium:50%;--awb-spacing-right-medium:3.84%;--awb-spacing-left-medium:3.84%;--awb-width-small:100%;--awb-order-small:0;--awb-spacing-right-small:1.92%;--awb-margin-bottom-small:30px;--awb-spacing-left-small:1.92%;\"><div class=\"fusion-column-wrapper fusion-flex-justify-content-flex-start fusion-content-layout-column\"><div class=\"fusion-separator fusion-full-width-sep\" style=\"align-self: center;margin-left: auto;margin-right: auto;margin-top:30px;width:100%;\"><\/div><div class=\"fusion-title title fusion-title-1 fusion-title-text fusion-title-size-three\" style=\"--awb-margin-top-small:0px;--awb-margin-right-small:0px;--awb-margin-bottom-small:20px;--awb-margin-left-small:0px;--awb-font-size:34px;\"><div class=\"title-sep-container title-sep-container-left fusion-no-large-visibility fusion-no-medium-visibility fusion-no-small-visibility\"><div class=\"title-sep sep- sep-solid\" style=\"border-color:var(--awb-color3);\"><\/div><\/div><span class=\"awb-title-spacer fusion-no-large-visibility fusion-no-medium-visibility fusion-no-small-visibility\"><\/span><h3 class=\"fusion-title-heading title-heading-left fusion-responsive-typography-calculated\" style=\"margin:0;font-size:1em;--fontSize:34;line-height:1;\">Halmstad \u2013 Varberg 2\u20133 Tage<\/h3><span class=\"awb-title-spacer\"><\/span><div class=\"title-sep-container title-sep-container-right\"><div class=\"title-sep sep- sep-solid\" style=\"border-color:var(--awb-color3);\"><\/div><\/div><\/div><div class=\"fusion-text fusion-text-1\" style=\"--awb-margin-top:20px;\"><p><strong>Fahrradpaket Halmstad\u2013Varberg: Die Westk\u00fcste auf zwei R\u00e4dern entdecken<\/strong><\/p>\n<p>Folgen Sie dem Meer nordw\u00e4rts entlang des wundersch\u00f6nen Kattegattleden \u2013 einem der f\u00fchrenden Radwege Europas \u2013 und erleben Sie die hall\u00e4ndische K\u00fcste in Ihrem eigenen Tempo. Mit unserem fertigen Fahrradpaket von Halmstad nach Varberg sind sowohl Fahrradverleih als auch Unterkunft inbegriffen, alles geplant f\u00fcr ein komfortables und unvergessliches Raderlebnis. In 2 bis 3 Tagen radeln Sie durch eine Landschaft voller salziger Meereswinde, Sandstr\u00e4nde, gem\u00fctlicher K\u00fcstenorte und Hofcaf\u00e9s. Sie starten in Halmstad und enden in der charmanten Holzstadt Varberg, bekannt f\u00fcr ihre Festung, ihr Kaltbadehaus und ihre Boh\u00e8me-Atmosph\u00e4re.  <\/p>\n<p><b>Im Paket enthalten:<\/b><\/p>\n<ul>\n<li>Verleih eines gut gewarteten Tourenrads (E-Bike als Zubuchung erh\u00e4ltlich)<\/li>\n<li>Zwei oder drei N\u00e4chte in ausgew\u00e4hlten Unterk\u00fcnften entlang des Weges \u2013 mit Fr\u00fchst\u00fcck<\/li>\n<li>Gep\u00e4cktransport zwischen den Unterk\u00fcnften<\/li>\n<li>Karte und Reiseinformationen mit Tipps entlang des Weges<\/li>\n<li>Service und Support w\u00e4hrend der gesamten Tour<\/li>\n<\/ul>\n<p>Ob Sie in gem\u00e4chlichem Tempo radeln und die Natur genie\u00dfen oder sich mit l\u00e4ngeren Tagesetappen herausfordern m\u00f6chten \u2013 dieses Paket gibt Ihnen Freiheit, Komfort und echtes Westk\u00fcstengef\u00fchl. Radeln, genie\u00dfen und komfortabel \u00fcbernachten \u2013 entdecken Sie die Strecke von Halmstad nach Varberg mit unserem Fahrradpaket.<\/p>\n<\/div><\/div><\/div><div class=\"fusion-layout-column fusion_builder_column fusion-builder-column-1 fusion_builder_column_1_2 1_2 fusion-flex-column special\" style=\"--awb-padding-right:15%;--awb-padding-left:30px;--awb-bg-blend:overlay;--awb-bg-size:cover;--awb-width-large:50%;--awb-margin-top-large:0px;--awb-spacing-right-large:3.84%;--awb-margin-bottom-large:0px;--awb-spacing-left-large:3.84%;--awb-width-medium:50%;--awb-spacing-right-medium:3.84%;--awb-spacing-left-medium:3.84%;--awb-width-small:100%;--awb-order-small:0;--awb-spacing-right-small:1.92%;--awb-margin-bottom-small:30px;--awb-spacing-left-small:1.92%;\"><div class=\"fusion-column-wrapper fusion-flex-justify-content-flex-start fusion-content-layout-column\"><div class=\"fusion-separator fusion-full-width-sep\" style=\"align-self: center;margin-left: auto;margin-right: auto;margin-top:30px;width:100%;\"><\/div><div class=\"fusion-title title fusion-title-2 fusion-title-text fusion-title-size-three\" style=\"--awb-margin-top-small:0px;--awb-margin-right-small:0px;--awb-margin-bottom-small:20px;--awb-margin-left-small:0px;--awb-font-size:34px;\"><div class=\"title-sep-container title-sep-container-left fusion-no-large-visibility fusion-no-medium-visibility fusion-no-small-visibility\"><div class=\"title-sep sep- sep-solid\" style=\"border-color:var(--awb-color3);\"><\/div><\/div><span class=\"awb-title-spacer fusion-no-large-visibility fusion-no-medium-visibility fusion-no-small-visibility\"><\/span><h3 class=\"fusion-title-heading title-heading-left fusion-responsive-typography-calculated\" style=\"margin:0;font-size:1em;--fontSize:34;line-height:1;\">Halmstad &#8211; Helsingborg 3-4 Tage<\/h3><span class=\"awb-title-spacer\"><\/span><div class=\"title-sep-container title-sep-container-right\"><div class=\"title-sep sep- sep-solid\" style=\"border-color:var(--awb-color3);\"><\/div><\/div><\/div><div class=\"fusion-text fusion-text-2\" style=\"--awb-margin-top:20px;\"><p><strong>Fahrradpaket Halmstad\u2013Helsingborg: Eine k\u00fcstennahe Radreise entlang des Kattegattleden<\/strong><\/p>\n<p>Erleben Sie die fantastische Westk\u00fcste vom Fahrradsattel aus! Mit unserem Fahrradpaket von Halmstad nach Helsingborg erhalten Sie alles, was Sie f\u00fcr ein entspannendes und unvergessliches Raderlebnis entlang des Kattegattleden \u2013 Schwedens erstem nationalen Radweg \u2013 ben\u00f6tigen. <\/p>\n<p>In 2 bis 3 Tagen radeln Sie durch eine lebendige K\u00fcstenlandschaft mit weitl\u00e4ufigen Sandstr\u00e4nden, malerischen Kleinst\u00e4dten, gem\u00fctlichen Caf\u00e9s und dem Meer stets in greifbarer N\u00e4he. Die Route f\u00fchrt Sie unter anderem durch Laholm, B\u00e5stad, \u00c4ngelholm und weiter nach Helsingborg, wo die Tour mit Blick \u00fcber den Sund nach D\u00e4nemark endet. <\/p>\n<p><strong>Im Paket enthalten:<\/strong><\/p>\n<ul>\n<li>Verleih eines komfortablen Tourenrads (M\u00f6glichkeit zum Upgrade auf ein E-Bike)<\/li>\n<li>2\u20133 N\u00e4chte in ausgew\u00e4hlten, fahrradfreundlichen Unterk\u00fcnften mit Fr\u00fchst\u00fcck<\/li>\n<li>Gep\u00e4cktransport zwischen den Unterk\u00fcnften \u2013 Sie radeln leicht und bequem<\/li>\n<li>Karte, Streckenbeschreibung und Tipps zu Sehensw\u00fcrdigkeiten entlang der Route<\/li>\n<li>Telefonsupport w\u00e4hrend der gesamten Tour<\/li>\n<\/ul>\n<p>Dies ist das Paket f\u00fcr Sie, wenn Sie die Freiheit auf zwei R\u00e4dern genie\u00dfen, den Duft des Meeres sp\u00fcren und den Charme von Halland und dem nordwestlichen Schonen auf nachhaltige und entspannte Weise erleben m\u00f6chten.<\/p>\n<p>Radeln, \u00fcbernachten und genie\u00dfen \u2013 entdecken Sie den Kattegattleden von Halmstad nach Helsingborg mit unserem fertigen Fahrradpaket.<\/p>\n<\/div><\/div><\/div><div class=\"fusion-layout-column fusion_builder_column fusion-builder-column-2 fusion_builder_column_1_2 1_2 fusion-flex-column special\" style=\"--awb-padding-right:15%;--awb-padding-left:30px;--awb-bg-blend:overlay;--awb-bg-size:cover;--awb-width-large:50%;--awb-margin-top-large:0px;--awb-spacing-right-large:3.84%;--awb-margin-bottom-large:0px;--awb-spacing-left-large:3.84%;--awb-width-medium:50%;--awb-spacing-right-medium:3.84%;--awb-spacing-left-medium:3.84%;--awb-width-small:100%;--awb-order-small:0;--awb-spacing-right-small:1.92%;--awb-margin-bottom-small:30px;--awb-spacing-left-small:1.92%;\"><div class=\"fusion-column-wrapper fusion-flex-justify-content-flex-start fusion-content-layout-column\"><div class=\"fusion-separator fusion-full-width-sep\" style=\"align-self: center;margin-left: auto;margin-right: auto;margin-top:30px;width:100%;\"><\/div><div class=\"fusion-title title fusion-title-3 fusion-title-text fusion-title-size-three\" style=\"--awb-margin-top-small:0px;--awb-margin-right-small:0px;--awb-margin-bottom-small:20px;--awb-margin-left-small:0px;--awb-font-size:34px;\"><div class=\"title-sep-container title-sep-container-left fusion-no-large-visibility fusion-no-medium-visibility fusion-no-small-visibility\"><div class=\"title-sep sep- sep-solid\" style=\"border-color:var(--awb-color3);\"><\/div><\/div><span class=\"awb-title-spacer fusion-no-large-visibility fusion-no-medium-visibility fusion-no-small-visibility\"><\/span><h3 class=\"fusion-title-heading title-heading-left fusion-responsive-typography-calculated\" style=\"margin:0;font-size:1em;--fontSize:34;line-height:1;\">Halmstad \u2013 G\u00f6teborg 4-5 Tage<\/h3><span class=\"awb-title-spacer\"><\/span><div class=\"title-sep-container title-sep-container-right\"><div class=\"title-sep sep- sep-solid\" style=\"border-color:var(--awb-color3);\"><\/div><\/div><\/div><div class=\"fusion-text fusion-text-3\" style=\"--awb-margin-top:20px;\"><p><strong>Fahrradpaket Halmstad\u2013G\u00f6teborg: Eine unvergessliche Radreise entlang der Westk\u00fcste<\/strong><\/p>\n<p>Folgen Sie dem Meer nordw\u00e4rts und erleben Sie den sch\u00f6nsten Teil der schwedischen Westk\u00fcste vom Sattel aus! Unser Fahrradpaket von Halmstad nach G\u00f6teborg f\u00fchrt Sie entlang des preisgekr\u00f6nten Kattegattleden, einem der sch\u00f6nsten K\u00fcstenradwege Europas. Hier erwarten Sie 4 bis 5 Tage voller salziger Winde, charmanter K\u00fcstenorte, Tangduft und magischer Sonnenunterg\u00e4nge \u00fcber dem Meer.  <\/p>\n<p>Sie passieren einige der beliebtesten Orte Hallands und Bohusl\u00e4ns \u2013 Falkenberg, Varberg, Kungsbacka \u2013 bevor Sie G\u00f6teborgs pulsierendes Stadtleben erreichen. Unterwegs gibt es reichlich Gelegenheiten, f\u00fcr ein Bad, einen Kaffee am Meer oder einen Besuch in einem lokalen Restaurant mit frischem Fisch auf der Speisekarte anzuhalten. <\/p>\n<p><strong>Im Paket enthalten:<\/strong><\/p>\n<ul>\n<li>Verleih eines komfortablen Tourenrads (E-Bike kann als Zubuchung gew\u00e4hlt werden)<\/li>\n<li>4\u20135 N\u00e4chte in sorgf\u00e4ltig ausgew\u00e4hlten Unterk\u00fcnften mit Fr\u00fchst\u00fcck<\/li>\n<li>Sicherer Gep\u00e4cktransport zwischen den Unterk\u00fcnften \u2013 Sie radeln unbeschwert!<\/li>\n<li>Karte, Reiseinformationen und Tipps zu Sehensw\u00fcrdigkeiten und Geheimtipps entlang des Weges<\/li>\n<li>Telefonsupport w\u00e4hrend der gesamten Reise<\/li>\n<\/ul>\n<p>Perfekt f\u00fcr Sie, wenn Sie einen aktiven Urlaub mit komfortablem Service und authentischen Erlebnissen suchen. Radeln Sie in Ihrem eigenen Tempo, folgen Sie der K\u00fcstenlinie und genie\u00dfen Sie die einzigartige Freiheit auf dem Kattegattleden. <\/p>\n<p>Radeln, erleben und genie\u00dfen \u2013 von Halmstad nach G\u00f6teborg mit dem Meer als Begleiter.<\/p>\n<\/div><\/div><\/div><div class=\"fusion-layout-column fusion_builder_column fusion-builder-column-3 fusion_builder_column_1_2 1_2 fusion-flex-column special\" style=\"--awb-padding-right:15%;--awb-padding-left:30px;--awb-bg-blend:overlay;--awb-bg-size:cover;--awb-width-large:50%;--awb-margin-top-large:0px;--awb-spacing-right-large:3.84%;--awb-margin-bottom-large:0px;--awb-spacing-left-large:3.84%;--awb-width-medium:50%;--awb-spacing-right-medium:3.84%;--awb-spacing-left-medium:3.84%;--awb-width-small:100%;--awb-order-small:0;--awb-spacing-right-small:1.92%;--awb-margin-bottom-small:30px;--awb-spacing-left-small:1.92%;\"><div class=\"fusion-column-wrapper fusion-flex-justify-content-flex-start fusion-content-layout-column\"><div class=\"fusion-separator fusion-full-width-sep\" style=\"align-self: center;margin-left: auto;margin-right: auto;margin-top:30px;width:100%;\"><\/div><div class=\"fusion-title title fusion-title-4 fusion-title-text fusion-title-size-three\" style=\"--awb-margin-top-small:0px;--awb-margin-right-small:0px;--awb-margin-bottom-small:20px;--awb-margin-left-small:0px;--awb-font-size:34px;\"><div class=\"title-sep-container title-sep-container-left fusion-no-large-visibility fusion-no-medium-visibility fusion-no-small-visibility\"><div class=\"title-sep sep- sep-solid\" style=\"border-color:var(--awb-color3);\"><\/div><\/div><span class=\"awb-title-spacer fusion-no-large-visibility fusion-no-medium-visibility fusion-no-small-visibility\"><\/span><h3 class=\"fusion-title-heading title-heading-left fusion-responsive-typography-calculated\" style=\"margin:0;font-size:1em;--fontSize:34;line-height:1;\">Helsingborg \u2013 G\u00f6teborg 5-10 Tage<\/h3><span class=\"awb-title-spacer\"><\/span><div class=\"title-sep-container title-sep-container-right\"><div class=\"title-sep sep- sep-solid\" style=\"border-color:var(--awb-color3);\"><\/div><\/div><\/div><div class=\"fusion-text fusion-text-4\" style=\"--awb-margin-top:20px;\"><p><strong>Fahrradpaket Helsingborg\u2013G\u00f6teborg: Der gesamte Kattegattleden \u2013 eine unvergessliche Radreise entlang des Meeres<\/strong><\/p>\n<p>Erleben Sie den gesamten grandiosen Kattegattleden, vom charmanten Helsingborg im S\u00fcden bis zum lebhaften G\u00f6teborg im Norden \u2013 Schwedens erster nationaler Radweg und einer der beliebtesten K\u00fcstenradwege Europas. Unser Fahrradpaket mit Fahrradverleih und Unterkunft bietet Ihnen ein vollst\u00e4ndiges und komfortables Erlebnis der gesamten Strecke, gef\u00fcllt mit k\u00fcstennaher Natur, authentischen Kleinst\u00e4dten und wunderbaren Begegnungen entlang der Westk\u00fcste. <\/p>\n<p>In 5 bis 10 Tagen radeln Sie sich voran zwischen Sandstr\u00e4nden, malerischen Fischerd\u00f6rfern, gr\u00fcnen Wiesen und dramatischen Felsen. Sie passieren bekannte Orte wie \u00c4ngelholm, B\u00e5stad, Halmstad, Falkenberg, Varberg und Kungsbacka, bevor Sie der Sch\u00e4renduft G\u00f6teborgs am Ende des Abenteuers willkommen hei\u00dft. <\/p>\n<p><strong>Im Paket enthalten:<\/strong><\/p>\n<ul>\n<li>Verleih eines komfortablen Tourenrads (M\u00f6glichkeit, ein E-Bike zu w\u00e4hlen)<\/li>\n<li>5\u201310 N\u00e4chte in ausgew\u00e4hlten, fahrradfreundlichen Unterk\u00fcnften mit Fr\u00fchst\u00fcck<\/li>\n<li>Gep\u00e4cktransport zwischen den Etappen \u2013 Sie radeln leicht und bequem<\/li>\n<li>Karte, Streckenbeschreibung und Tipps zu Rastst\u00e4tten, Badestellen und Sehensw\u00fcrdigkeiten<\/li>\n<li>Telefonsupport w\u00e4hrend der gesamten Reise<\/li>\n<\/ul>\n<p>Dies ist die perfekte Tour f\u00fcr Sie, wenn Sie die gesamte Westk\u00fcste wirklich erleben m\u00f6chten \u2013 von ruhigen K\u00fcstenstra\u00dfen bis hin zu lebhaften Hafenst\u00e4dten. Lassen Sie den Wind den Weg weisen, halten Sie an, wo Sie m\u00f6chten, und erleben Sie das Gef\u00fchl der Freiheit auf zwei R\u00e4dern. <\/p>\n<p>Radeln Sie entlang des Meeres \u2013 von Helsingborg nach G\u00f6teborg mit unserem fertigen Fahrradpaket f\u00fcr Sie, die die Westk\u00fcste auf die beste Art sehen, sp\u00fcren und erleben m\u00f6chten.<\/p>\n<\/div><\/div><\/div><div class=\"fusion-layout-column fusion_builder_column fusion-builder-column-4 fusion_builder_column_1_2 1_2 fusion-flex-column special\" style=\"--awb-padding-right:15%;--awb-padding-left:30px;--awb-bg-blend:overlay;--awb-bg-size:cover;--awb-width-large:50%;--awb-margin-top-large:0px;--awb-spacing-right-large:3.84%;--awb-margin-bottom-large:0px;--awb-spacing-left-large:3.84%;--awb-width-medium:50%;--awb-spacing-right-medium:3.84%;--awb-spacing-left-medium:3.84%;--awb-width-small:100%;--awb-order-small:0;--awb-spacing-right-small:1.92%;--awb-margin-bottom-small:30px;--awb-spacing-left-small:1.92%;\"><div class=\"fusion-column-wrapper fusion-flex-justify-content-flex-start fusion-content-layout-column\"><div class=\"fusion-separator fusion-full-width-sep\" style=\"align-self: center;margin-left: auto;margin-right: auto;margin-top:30px;width:100%;\"><\/div><div class=\"fusion-title title fusion-title-5 fusion-title-text fusion-title-size-three\" style=\"--awb-margin-top-small:0px;--awb-margin-right-small:0px;--awb-margin-bottom-small:20px;--awb-margin-left-small:0px;--awb-font-size:34px;\"><div class=\"title-sep-container title-sep-container-left fusion-no-large-visibility fusion-no-medium-visibility fusion-no-small-visibility\"><div class=\"title-sep sep- sep-solid\" style=\"border-color:var(--awb-color3);\"><\/div><\/div><span class=\"awb-title-spacer fusion-no-large-visibility fusion-no-medium-visibility fusion-no-small-visibility\"><\/span><h3 class=\"fusion-title-heading title-heading-left fusion-responsive-typography-calculated\" style=\"margin:0;font-size:1em;--fontSize:34;line-height:1;\">Hylteleden 3-4 Tage<\/h3><span class=\"awb-title-spacer\"><\/span><div class=\"title-sep-container title-sep-container-right\"><div class=\"title-sep sep- sep-solid\" style=\"border-color:var(--awb-color3);\"><\/div><\/div><\/div><div class=\"fusion-text fusion-text-5\" style=\"--awb-margin-top:20px;\"><p><strong>Fahrradpaket Hylteleden: Ein naturnahes Raderlebnis im Herzen von Halland<\/strong><\/p>\n<p>Verlassen Sie die K\u00fcste f\u00fcr eine Weile und entdecken Sie den Hylteleden \u2013 eine natursch\u00f6ne Rundtour durch W\u00e4lder, Seen und D\u00f6rfer im Inland von Halland und Sm\u00e5land. Mit unserem Fahrradpaket inklusive Fahrradverleih und Unterkunft erhalten Sie ein vollst\u00e4ndiges Erlebnis voller Ruhe, Natur und echtem Landleben-Charme. <\/p>\n<p>In 3 bis 4 Tagen radeln Sie durch eine abwechslungsreiche Landschaft mit tiefen W\u00e4ldern, glitzernden Seen und kurvenreichen Landstra\u00dfen, perfekt f\u00fcr diejenigen, die Stille, frische Luft und Erholung auf zwei R\u00e4dern suchen. Der Weg f\u00fchrt durch Hyltebruk, Unnaryd, Torup und J\u00e4lluntofta, mit reichlich M\u00f6glichkeiten, f\u00fcr ein Bad, einen Kaffee in einem Caf\u00e9 oder eine l\u00e4ndliche \u00dcbernachtung nahe der Natur anzuhalten. <\/p>\n<p><strong>Im Paket enthalten:<\/strong><\/p>\n<ul>\n<li>Verleih eines komfortablen Tourenrads (E-Bike als Zubuchung erh\u00e4ltlich)<\/li>\n<li>3\u20134 N\u00e4chte in ausgew\u00e4hlten Unterk\u00fcnften mit Fr\u00fchst\u00fcck<\/li>\n<li>Gep\u00e4cktransport zwischen jeder Etappe \u2013 Sie radeln leicht und bequem<\/li>\n<li>Karte, Streckenbeschreibung und Tipps zu Badestellen, Sehensw\u00fcrdigkeiten und Rastst\u00e4tten<\/li>\n<li>Telefonsupport w\u00e4hrend der gesamten Tour<\/li>\n<\/ul>\n<p>Hylteleden \u00e4r ett perfekt val f\u00f6r dig som vill uppleva det \u00e4kta, gr\u00f6na Halland, l\u00e5ngt fr\u00e5n stress och trafik. H\u00e4r handlar allt om natur, stillhet och frihet \u2013 i din egen takt.Der Hylteleden ist die perfekte Wahl f\u00fcr Sie, wenn Sie das echte, gr\u00fcne Halland erleben m\u00f6chten, weit weg von Stress und Verkehr. Hier dreht sich alles um Natur, Stille und Freiheit \u2013 in Ihrem eigenen Tempo. <\/p>\n<p>Radeln, genie\u00dfen und entspannen \u2013 entdecken Sie den Hylteleden mit unserem fertigen Fahrradpaket mitten in der hall\u00e4ndischen Natur.<\/p>\n<\/div><\/div><\/div><\/div><\/div>\n","protected":false},"excerpt":{"rendered":"","protected":false},"author":1,"featured_media":1395,"parent":0,"menu_order":0,"comment_status":"closed","ping_status":"open","template":"100-width.php","meta":{"footnotes":""},"class_list":["post-1394","page","type-page","status-publish","has-post-thumbnail","hentry"],"_links":{"self":[{"href":"https:\/\/rentabikehalmstad.se\/de\/wp-json\/wp\/v2\/pages\/1394","targetHints":{"allow":["GET"]}}],"collection":[{"href":"https:\/\/rentabikehalmstad.se\/de\/wp-json\/wp\/v2\/pages"}],"about":[{"href":"https:\/\/rentabikehalmstad.se\/de\/wp-json\/wp\/v2\/types\/page"}],"author":[{"embeddable":true,"href":"https:\/\/rentabikehalmstad.se\/de\/wp-json\/wp\/v2\/users\/1"}],"replies":[{"embeddable":true,"href":"https:\/\/rentabikehalmstad.se\/de\/wp-json\/wp\/v2\/comments?post=1394"}],"version-history":[{"count":5,"href":"https:\/\/rentabikehalmstad.se\/de\/wp-json\/wp\/v2\/pages\/1394\/revisions"}],"predecessor-version":[{"id":1494,"href":"https:\/\/rentabikehalmstad.se\/de\/wp-json\/wp\/v2\/pages\/1394\/revisions\/1494"}],"wp:featuredmedia":[{"embeddable":true,"href":"https:\/\/rentabikehalmstad.se\/de\/wp-json\/wp\/v2\/media\/1395"}],"wp:attachment":[{"href":"https:\/\/rentabikehalmstad.se\/de\/wp-json\/wp\/v2\/media?parent=1394"}],"curies":[{"name":"wp","href":"https:\/\/api.w.org\/{rel}","templated":true}]}}