{"id":1414,"date":"2026-03-24T11:40:56","date_gmt":"2026-03-24T11:40:56","guid":{"rendered":"https:\/\/rentabikehalmstad.se\/varberg-kungsbacka\/"},"modified":"2026-04-07T07:12:35","modified_gmt":"2026-04-07T07:12:35","slug":"varberg-kungsbacka","status":"publish","type":"page","link":"https:\/\/rentabikehalmstad.se\/de\/varberg-kungsbacka\/","title":{"rendered":"Varberg \u2013 Kungsbacka"},"content":{"rendered":"<p><div class=\"fusion-fullwidth fullwidth-box fusion-builder-row-1 fusion-flex-container nonhundred-percent-fullwidth non-hundred-percent-height-scrolling\" style=\"--awb-background-position:left top;--awb-border-sizes-top:0px;--awb-border-sizes-bottom:0px;--awb-border-sizes-left:0px;--awb-border-sizes-right:0px;--awb-border-radius-top-left:0px;--awb-border-radius-top-right:0px;--awb-border-radius-bottom-right:0px;--awb-border-radius-bottom-left:0px;--awb-padding-top:60px;--awb-padding-right:0px;--awb-padding-bottom:60px;--awb-padding-left:0px;--awb-flex-wrap:wrap;\" ><div class=\"fusion-builder-row fusion-row fusion-flex-align-items-stretch fusion-flex-content-wrap\" style=\"max-width:1216.8px;margin-left: calc(-4% \/ 2 );margin-right: calc(-4% \/ 2 );\"><div class=\"fusion-layout-column fusion_builder_column fusion-builder-column-0 fusion_builder_column_1_2 1_2 fusion-flex-column\" style=\"--awb-bg-position:center center;--awb-bg-blend:overlay;--awb-bg-size:cover;--awb-width-large:50%;--awb-margin-top-large:0px;--awb-spacing-right-large:3.84%;--awb-margin-bottom-large:0px;--awb-spacing-left-large:3.84%;--awb-width-medium:50%;--awb-spacing-right-medium:3.84%;--awb-spacing-left-medium:3.84%;--awb-width-small:100%;--awb-order-small:1;--awb-spacing-right-small:1.92%;--awb-spacing-left-small:1.92%;\"><div class=\"fusion-column-wrapper fusion-flex-justify-content-flex-start fusion-content-layout-column\"><div class=\"fusion-image-element \" style=\"--awb-caption-title-font-family:var(--h2_typography-font-family);--awb-caption-title-font-weight:var(--h2_typography-font-weight);--awb-caption-title-font-style:var(--h2_typography-font-style);--awb-caption-title-size:var(--h2_typography-font-size);--awb-caption-title-transform:var(--h2_typography-text-transform);--awb-caption-title-line-height:var(--h2_typography-line-height);--awb-caption-title-letter-spacing:var(--h2_typography-letter-spacing);\"><span class=\" fusion-imageframe imageframe-none imageframe-1 hover-type-none\"><img decoding=\"async\" width=\"534\" height=\"878\" title=\"karta2\" src=\"https:\/\/rentabikehalmstad.se\/wp-content\/uploads\/2026\/03\/karta2.jpg\" data-orig-src=\"https:\/\/rentabikehalmstad.se\/wp-content\/uploads\/2026\/03\/karta2.jpg\" alt class=\"lazyload img-responsive wp-image-1346\" srcset=\"data:image\/svg+xml,%3Csvg%20xmlns%3D%27http%3A%2F%2Fwww.w3.org%2F2000%2Fsvg%27%20width%3D%27534%27%20height%3D%27878%27%20viewBox%3D%270%200%20534%20878%27%3E%3Crect%20width%3D%27534%27%20height%3D%27878%27%20fill-opacity%3D%220%22%2F%3E%3C%2Fsvg%3E\" data-srcset=\"https:\/\/rentabikehalmstad.se\/wp-content\/uploads\/2026\/03\/karta2-200x329.jpg 200w, https:\/\/rentabikehalmstad.se\/wp-content\/uploads\/2026\/03\/karta2-400x658.jpg 400w, https:\/\/rentabikehalmstad.se\/wp-content\/uploads\/2026\/03\/karta2.jpg 534w\" data-sizes=\"auto\" data-orig-sizes=\"(max-width: 1024px) 100vw, (max-width: 640px) 100vw, 534px\" \/><\/span><\/div><\/div><\/div><div class=\"fusion-layout-column fusion_builder_column fusion-builder-column-1 fusion_builder_column_1_2 1_2 fusion-flex-column special\" style=\"--awb-padding-right:15%;--awb-padding-left:30px;--awb-bg-blend:overlay;--awb-bg-size:cover;--awb-width-large:50%;--awb-margin-top-large:0px;--awb-spacing-right-large:3.84%;--awb-margin-bottom-large:0px;--awb-spacing-left-large:3.84%;--awb-width-medium:50%;--awb-spacing-right-medium:3.84%;--awb-spacing-left-medium:3.84%;--awb-width-small:100%;--awb-order-small:0;--awb-spacing-right-small:1.92%;--awb-margin-bottom-small:30px;--awb-spacing-left-small:1.92%;\"><div class=\"fusion-column-wrapper fusion-flex-justify-content-flex-start fusion-content-layout-column\"><div class=\"fusion-separator fusion-full-width-sep\" style=\"align-self: center;margin-left: auto;margin-right: auto;margin-top:30px;width:100%;\"><\/div><div class=\"fusion-title title fusion-title-1 fusion-title-text fusion-title-size-three\" style=\"--awb-margin-top-small:0px;--awb-margin-right-small:0px;--awb-margin-bottom-small:20px;--awb-margin-left-small:0px;--awb-font-size:34px;\"><div class=\"title-sep-container title-sep-container-left fusion-no-large-visibility fusion-no-medium-visibility fusion-no-small-visibility\"><div class=\"title-sep sep- sep-solid\" style=\"border-color:var(--awb-color3);\"><\/div><\/div><span class=\"awb-title-spacer fusion-no-large-visibility fusion-no-medium-visibility fusion-no-small-visibility\"><\/span><h3 class=\"fusion-title-heading title-heading-left fusion-responsive-typography-calculated\" style=\"margin:0;font-size:1em;--fontSize:34;line-height:1;\">Varberg (Societetssparken) \u2013 Kungsbacka (Marktplatz) Streckenl\u00e4nge: ca. 74 km<\/h3><span class=\"awb-title-spacer\"><\/span><div class=\"title-sep-container title-sep-container-right\"><div class=\"title-sep sep- sep-solid\" style=\"border-color:var(--awb-color3);\"><\/div><\/div><\/div><div class=\"fusion-text fusion-text-1\" style=\"--awb-margin-top:20px;\"><p>N\u00f6rdlich von Varberg ver\u00e4ndert sich die Landschaft \u2013 die Sandstr\u00e4nde werden weniger und kleiner, und es gibt immer mehr Felsen. Die ersten Inseln tauchen auf \u2013 Getter\u00f6n (das schon lange keine Insel mehr ist), Balg\u00f6 und Vendels\u00f6, wo es eine Jugendherberge gibt. <\/p>\n<p>Durch Frilles\u00e5s f\u00fchrt der Kattegattleden im Mischverkehr und setzt dann auf dem alten Bahndamm fort, wo Sie eine autofreie Strecke entlang der K\u00fcste mit fantastischem Meerblick genie\u00dfen k\u00f6nnen! In Frilles\u00e5s gibt es Gesch\u00e4fte und Restaurants. Halten Sie an einem der herrlichen Meeresb\u00e4der in \u00c5sa an, g\u00f6nnen Sie sich ein Eis im Eiscaf\u00e9 oder genie\u00dfen Sie einen Kaffee in der B\u00e4ckerei.  <\/p>\n<p>Nutzen Sie die Gelegenheit, einen Abstecher zu Schloss Tjol\u00f6holm zu machen \u2013 Schwedens einzigem Schloss im Tudorstil \u2013 und fahren Sie dann weiter zur Fj\u00e4r\u00e5s Br\u00e4cka. Machen Sie eine wohlverdiente Pause und genie\u00dfen Sie den Blick \u00fcber Meer und See, oder sp\u00fcren Sie den Hauch der Zeit zwischen den 100 Bautasteinen auf dem Gr\u00e4berfeld Li! Im Naturum Fj\u00e4r\u00e5s Br\u00e4cka k\u00f6nnen Sie einen Kaffee trinken und Wasser auff\u00fcllen. Mit der Fj\u00e4r\u00e5s Br\u00e4cka im R\u00fccken radeln Sie auf kleinen Stra\u00dfen im Mischverkehr und auf Radwegen entlang von Feldern, zwischen Pferdeh\u00f6fen und durch Ortschaften. Machen Sie einen Halt an der Rolfsbron in Hanhals, einer sch\u00f6nen Steingew\u00f6lbebr\u00fccke aus dem 17. Jahrhundert.    <\/p>\n<p>In Kungsbacka verl\u00e4uft die Strecke auf Radwegen durch die Stadt. Kungsbacka ist einer der gr\u00f6\u00dften Handelspl\u00e4tze Westschwerkens. Das Echte und Traditionelle lebt noch immer Seite an Seite mit den neuen und modernen Einkaufszentren. Die Innenstadt bietet eine gem\u00fctliche Atmosph\u00e4re mit Caf\u00e9s, Restaurants und Gesch\u00e4ften.   <\/p>\n<\/div><\/div><\/div><\/div><\/div><div class=\"fusion-fullwidth fullwidth-box fusion-builder-row-2 fusion-flex-container hundred-percent-fullwidth non-hundred-percent-height-scrolling\" style=\"--awb-background-position:left top;--awb-border-sizes-top:0px;--awb-border-sizes-bottom:0px;--awb-border-sizes-left:0px;--awb-border-sizes-right:0px;--awb-border-radius-top-left:0px;--awb-border-radius-top-right:0px;--awb-border-radius-bottom-right:0px;--awb-border-radius-bottom-left:0px;--awb-padding-top:0px;--awb-padding-right:0px;--awb-padding-bottom:-30px;--awb-padding-left:0px;--awb-flex-wrap:wrap;\" ><div class=\"fusion-builder-row fusion-row fusion-flex-align-items-stretch fusion-flex-justify-content-center fusion-flex-content-wrap\" style=\"width:calc( 100% + 0px ) !important;max-width:calc( 100% + 0px ) !important;margin-left: calc(-0px \/ 2 );margin-right: calc(-0px \/ 2 );\"><div class=\"fusion-layout-column fusion_builder_column fusion-builder-column-2 fusion_builder_column_1_4 1_4 fusion-flex-column\" style=\"--awb-padding-top:10%;--awb-padding-right:10%;--awb-padding-bottom:10%;--awb-padding-left:10%;--awb-bg-color:var(--awb-color4);--awb-bg-color-hover:var(--awb-color4);--awb-bg-size:cover;--awb-width-large:25%;--awb-margin-top-large:0px;--awb-spacing-right-large:0px;--awb-margin-bottom-large:0px;--awb-spacing-left-large:0px;--awb-width-medium:100%;--awb-spacing-right-medium:0px;--awb-spacing-left-medium:0px;--awb-width-small:100%;--awb-spacing-right-small:0px;--awb-spacing-left-small:0px;\"><div class=\"fusion-column-wrapper fusion-flex-justify-content-flex-start fusion-content-layout-column\"><div class=\"fusion-text fusion-text-2\" style=\"--awb-font-size:20px;--awb-text-color:var(--awb-color1);\"><p>Helsingborg \u2013 H\u00f6gan\u00e4s<\/p>\n<\/div><div ><a class=\"fusion-button button-3d button-medium button-custom fusion-button-default button-1 fusion-button-default-span fusion-button-default-type\" style=\"--button_bevel_color:var(--awb-color1);--button_bevel_color_hover:var(--awb-color1);--button_accent_color:var(--awb-color4);--button_border_color:var(--awb-color4);--button_accent_hover_color:var(--awb-color1);--button_border_hover_color:var(--awb-color1);--button_gradient_top_color:var(--awb-color1);--button_gradient_bottom_color:var(--awb-color1);--button_gradient_top_color_hover:hsla(var(--awb-color4-h),var(--awb-color4-s),calc(var(--awb-color4-l) + 3%),var(--awb-color4-a));--button_gradient_bottom_color_hover:hsla(var(--awb-color4-h),var(--awb-color4-s),calc(var(--awb-color4-l) + 3%),var(--awb-color4-a));\" target=\"_self\" href=\"https:\/\/rentabikehalmstad.se\/de\/helsingborg-hoeganaes\/\"><span class=\"fusion-button-text awb-button__text awb-button__text--default\">Mehr erfahren<\/span><\/a><\/div><\/div><\/div><div class=\"fusion-layout-column fusion_builder_column fusion-builder-column-3 fusion_builder_column_1_4 1_4 fusion-flex-column\" style=\"--awb-padding-top:10%;--awb-padding-right:10%;--awb-padding-bottom:10%;--awb-padding-left:10%;--awb-bg-color:hsla(var(--awb-color4-h),var(--awb-color4-s),calc(var(--awb-color4-l) + 3%),var(--awb-color4-a));--awb-bg-color-hover:hsla(var(--awb-color4-h),var(--awb-color4-s),calc(var(--awb-color4-l) + 3%),var(--awb-color4-a));--awb-bg-size:cover;--awb-width-large:25%;--awb-margin-top-large:0px;--awb-spacing-right-large:0px;--awb-margin-bottom-large:0px;--awb-spacing-left-large:0px;--awb-width-medium:100%;--awb-spacing-right-medium:0px;--awb-spacing-left-medium:0px;--awb-width-small:100%;--awb-spacing-right-small:0px;--awb-spacing-left-small:0px;\"><div class=\"fusion-column-wrapper fusion-flex-justify-content-flex-start fusion-content-layout-column\"><div class=\"fusion-text fusion-text-3\" style=\"--awb-font-size:20px;--awb-text-color:var(--awb-color1);\"><p>H\u00f6gan\u00e4s \u2013 \u00c4ngelholm<\/p>\n<\/div><div ><a class=\"fusion-button button-3d button-medium button-custom fusion-button-default button-2 fusion-button-default-span fusion-button-default-type\" style=\"--button_bevel_color:var(--awb-color1);--button_bevel_color_hover:var(--awb-color1);--button_accent_color:var(--awb-color4);--button_border_color:var(--awb-color4);--button_accent_hover_color:var(--awb-color1);--button_border_hover_color:var(--awb-color1);--button_gradient_top_color:var(--awb-color1);--button_gradient_bottom_color:var(--awb-color1);--button_gradient_top_color_hover:hsla(var(--awb-color4-h),var(--awb-color4-s),calc(var(--awb-color4-l) + 3%),var(--awb-color4-a));--button_gradient_bottom_color_hover:hsla(var(--awb-color4-h),var(--awb-color4-s),calc(var(--awb-color4-l) + 3%),var(--awb-color4-a));\" target=\"_self\" href=\"https:\/\/rentabikehalmstad.se\/hoganas-angelholm\/\"><span class=\"fusion-button-text awb-button__text awb-button__text--default\">Mehr erfahren<\/span><\/a><\/div><\/div><\/div><div class=\"fusion-layout-column fusion_builder_column fusion-builder-column-4 fusion_builder_column_1_4 1_4 fusion-flex-column\" style=\"--awb-padding-top:10%;--awb-padding-right:10%;--awb-padding-bottom:10%;--awb-padding-left:10%;--awb-bg-color:var(--awb-color4);--awb-bg-color-hover:var(--awb-color4);--awb-bg-size:cover;--awb-width-large:25%;--awb-margin-top-large:0px;--awb-spacing-right-large:0px;--awb-margin-bottom-large:0px;--awb-spacing-left-large:0px;--awb-width-medium:100%;--awb-spacing-right-medium:0px;--awb-spacing-left-medium:0px;--awb-width-small:100%;--awb-spacing-right-small:0px;--awb-spacing-left-small:0px;\"><div class=\"fusion-column-wrapper fusion-flex-justify-content-flex-start fusion-content-layout-column\"><div class=\"fusion-text fusion-text-4\" style=\"--awb-font-size:20px;--awb-text-color:var(--awb-color1);\"><p>\u00c4ngelholm \u2013 B\u00e5stad<\/p>\n<\/div><div ><a class=\"fusion-button button-3d button-medium button-custom fusion-button-default button-3 fusion-button-default-span fusion-button-default-type\" style=\"--button_bevel_color:var(--awb-color1);--button_bevel_color_hover:var(--awb-color1);--button_accent_color:var(--awb-color4);--button_border_color:var(--awb-color4);--button_accent_hover_color:var(--awb-color1);--button_border_hover_color:var(--awb-color1);--button_gradient_top_color:var(--awb-color1);--button_gradient_bottom_color:var(--awb-color1);--button_gradient_top_color_hover:hsla(var(--awb-color4-h),var(--awb-color4-s),calc(var(--awb-color4-l) + 3%),var(--awb-color4-a));--button_gradient_bottom_color_hover:hsla(var(--awb-color4-h),var(--awb-color4-s),calc(var(--awb-color4-l) + 3%),var(--awb-color4-a));\" target=\"_self\" href=\"https:\/\/rentabikehalmstad.se\/de\/aengelholm-bastad\/\"><span class=\"fusion-button-text awb-button__text awb-button__text--default\">Mehr erfahren<\/span><\/a><\/div><\/div><\/div><div class=\"fusion-layout-column fusion_builder_column fusion-builder-column-5 fusion_builder_column_1_4 1_4 fusion-flex-column\" style=\"--awb-padding-top:10%;--awb-padding-right:10%;--awb-padding-bottom:10%;--awb-padding-left:10%;--awb-bg-color:hsla(var(--awb-color4-h),var(--awb-color4-s),calc(var(--awb-color4-l) + 3%),var(--awb-color4-a));--awb-bg-color-hover:hsla(var(--awb-color4-h),var(--awb-color4-s),calc(var(--awb-color4-l) + 3%),var(--awb-color4-a));--awb-bg-size:cover;--awb-width-large:25%;--awb-margin-top-large:0px;--awb-spacing-right-large:0px;--awb-margin-bottom-large:0px;--awb-spacing-left-large:0px;--awb-width-medium:100%;--awb-spacing-right-medium:0px;--awb-spacing-left-medium:0px;--awb-width-small:100%;--awb-spacing-right-small:0px;--awb-spacing-left-small:0px;\"><div class=\"fusion-column-wrapper fusion-flex-justify-content-flex-start fusion-content-layout-column\"><div class=\"fusion-text fusion-text-5\" style=\"--awb-font-size:20px;--awb-text-color:var(--awb-color1);\"><p>B\u00e5stad \u2013 Laholm \u2013 Halmstad<\/p>\n<\/div><div ><a class=\"fusion-button button-3d button-medium button-custom fusion-button-default button-4 fusion-button-default-span fusion-button-default-type\" style=\"--button_bevel_color:var(--awb-color1);--button_bevel_color_hover:var(--awb-color1);--button_accent_color:var(--awb-color4);--button_border_color:var(--awb-color4);--button_accent_hover_color:var(--awb-color1);--button_border_hover_color:var(--awb-color1);--button_gradient_top_color:var(--awb-color1);--button_gradient_bottom_color:var(--awb-color1);--button_gradient_top_color_hover:hsla(var(--awb-color4-h),var(--awb-color4-s),calc(var(--awb-color4-l) + 3%),var(--awb-color4-a));--button_gradient_bottom_color_hover:hsla(var(--awb-color4-h),var(--awb-color4-s),calc(var(--awb-color4-l) + 3%),var(--awb-color4-a));\" target=\"_self\" href=\"https:\/\/rentabikehalmstad.se\/de\/bastad-laholm-halmstad\/\"><span class=\"fusion-button-text awb-button__text awb-button__text--default\">Mehr erfahren<\/span><\/a><\/div><\/div><\/div><div class=\"fusion-layout-column fusion_builder_column fusion-builder-column-6 fusion_builder_column_1_4 1_4 fusion-flex-column\" style=\"--awb-padding-top:10%;--awb-padding-right:10%;--awb-padding-bottom:10%;--awb-padding-left:10%;--awb-bg-color:#f95d36;--awb-bg-color-hover:#f95d36;--awb-bg-size:cover;--awb-width-large:25%;--awb-margin-top-large:0px;--awb-spacing-right-large:0px;--awb-margin-bottom-large:0px;--awb-spacing-left-large:0px;--awb-width-medium:100%;--awb-spacing-right-medium:0px;--awb-spacing-left-medium:0px;--awb-width-small:100%;--awb-spacing-right-small:0px;--awb-spacing-left-small:0px;\"><div class=\"fusion-column-wrapper fusion-flex-justify-content-flex-start fusion-content-layout-column\"><div class=\"fusion-text fusion-text-6\" style=\"--awb-font-size:20px;--awb-text-color:var(--awb-color1);\"><p>Halmstad \u2013 Falkenberg<\/p>\n<\/div><div ><a class=\"fusion-button button-3d button-medium button-custom fusion-button-default button-5 fusion-button-default-span fusion-button-default-type\" style=\"--button_bevel_color:var(--awb-color1);--button_bevel_color_hover:var(--awb-color1);--button_accent_color:var(--awb-color4);--button_border_color:var(--awb-color4);--button_accent_hover_color:var(--awb-color1);--button_border_hover_color:var(--awb-color1);--button_gradient_top_color:var(--awb-color1);--button_gradient_bottom_color:var(--awb-color1);--button_gradient_top_color_hover:hsla(var(--awb-color4-h),var(--awb-color4-s),calc(var(--awb-color4-l) + 3%),var(--awb-color4-a));--button_gradient_bottom_color_hover:hsla(var(--awb-color4-h),var(--awb-color4-s),calc(var(--awb-color4-l) + 3%),var(--awb-color4-a));\" target=\"_self\" href=\"https:\/\/rentabikehalmstad.se\/de\/halmstad-falkenberg\/\"><span class=\"fusion-button-text awb-button__text awb-button__text--default\">Mehr erfahren<\/span><\/a><\/div><\/div><\/div><div class=\"fusion-layout-column fusion_builder_column fusion-builder-column-7 fusion_builder_column_1_4 1_4 fusion-flex-column\" style=\"--awb-padding-top:10%;--awb-padding-right:10%;--awb-padding-bottom:10%;--awb-padding-left:10%;--awb-bg-color:var(--awb-color4);--awb-bg-color-hover:var(--awb-color4);--awb-bg-size:cover;--awb-width-large:25%;--awb-margin-top-large:0px;--awb-spacing-right-large:0px;--awb-margin-bottom-large:0px;--awb-spacing-left-large:0px;--awb-width-medium:100%;--awb-spacing-right-medium:0px;--awb-spacing-left-medium:0px;--awb-width-small:100%;--awb-spacing-right-small:0px;--awb-spacing-left-small:0px;\"><div class=\"fusion-column-wrapper fusion-flex-justify-content-flex-start fusion-content-layout-column\"><div class=\"fusion-text fusion-text-7\" style=\"--awb-font-size:20px;--awb-text-color:var(--awb-color1);\"><p>Falkenberg \u2013 Varberg<\/p>\n<\/div><div ><a class=\"fusion-button button-3d button-medium button-custom fusion-button-default button-6 fusion-button-default-span fusion-button-default-type\" style=\"--button_bevel_color:var(--awb-color1);--button_bevel_color_hover:var(--awb-color1);--button_accent_color:var(--awb-color4);--button_border_color:var(--awb-color4);--button_accent_hover_color:var(--awb-color1);--button_border_hover_color:var(--awb-color1);--button_gradient_top_color:var(--awb-color1);--button_gradient_bottom_color:var(--awb-color1);--button_gradient_top_color_hover:hsla(var(--awb-color4-h),var(--awb-color4-s),calc(var(--awb-color4-l) + 3%),var(--awb-color4-a));--button_gradient_bottom_color_hover:hsla(var(--awb-color4-h),var(--awb-color4-s),calc(var(--awb-color4-l) + 3%),var(--awb-color4-a));\" target=\"_self\" href=\"https:\/\/rentabikehalmstad.se\/de\/falkenberg-varberg\/\"><span class=\"fusion-button-text awb-button__text awb-button__text--default\">Mehr erfahren<\/span><\/a><\/div><\/div><\/div><div class=\"fusion-layout-column fusion_builder_column fusion-builder-column-8 fusion_builder_column_1_4 1_4 fusion-flex-column\" style=\"--awb-padding-top:10%;--awb-padding-right:10%;--awb-padding-bottom:10%;--awb-padding-left:10%;--awb-bg-color:hsla(var(--awb-color4-h),var(--awb-color4-s),calc(var(--awb-color4-l) + 3%),var(--awb-color4-a));--awb-bg-color-hover:hsla(var(--awb-color4-h),var(--awb-color4-s),calc(var(--awb-color4-l) + 3%),var(--awb-color4-a));--awb-bg-size:cover;--awb-width-large:25%;--awb-margin-top-large:0px;--awb-spacing-right-large:0px;--awb-margin-bottom-large:0px;--awb-spacing-left-large:0px;--awb-width-medium:100%;--awb-spacing-right-medium:0px;--awb-spacing-left-medium:0px;--awb-width-small:100%;--awb-spacing-right-small:0px;--awb-spacing-left-small:0px;\"><div class=\"fusion-column-wrapper fusion-flex-justify-content-flex-start fusion-content-layout-column\"><div class=\"fusion-text fusion-text-8\" style=\"--awb-font-size:20px;--awb-text-color:var(--awb-color1);\"><p>Varberg \u2013 Kungsbacka<\/p>\n<\/div><div ><a class=\"fusion-button button-3d button-medium button-custom fusion-button-default button-7 fusion-button-default-span fusion-button-default-type\" style=\"--button_bevel_color:var(--awb-color1);--button_bevel_color_hover:var(--awb-color1);--button_accent_color:var(--awb-color4);--button_border_color:var(--awb-color4);--button_accent_hover_color:var(--awb-color1);--button_border_hover_color:var(--awb-color1);--button_gradient_top_color:var(--awb-color1);--button_gradient_bottom_color:var(--awb-color1);--button_gradient_top_color_hover:hsla(var(--awb-color4-h),var(--awb-color4-s),calc(var(--awb-color4-l) + 3%),var(--awb-color4-a));--button_gradient_bottom_color_hover:hsla(var(--awb-color4-h),var(--awb-color4-s),calc(var(--awb-color4-l) + 3%),var(--awb-color4-a));\" target=\"_self\" href=\"https:\/\/rentabikehalmstad.se\/de\/varberg-kungsbacka\/\"><span class=\"fusion-button-text awb-button__text awb-button__text--default\">Mehr erfahren<\/span><\/a><\/div><\/div><\/div><div class=\"fusion-layout-column fusion_builder_column fusion-builder-column-9 fusion_builder_column_1_4 1_4 fusion-flex-column\" style=\"--awb-padding-top:10%;--awb-padding-right:10%;--awb-padding-bottom:10%;--awb-padding-left:10%;--awb-bg-color:var(--awb-color4);--awb-bg-color-hover:var(--awb-color4);--awb-bg-size:cover;--awb-width-large:25%;--awb-margin-top-large:0px;--awb-spacing-right-large:0px;--awb-margin-bottom-large:0px;--awb-spacing-left-large:0px;--awb-width-medium:100%;--awb-spacing-right-medium:0px;--awb-spacing-left-medium:0px;--awb-width-small:100%;--awb-spacing-right-small:0px;--awb-spacing-left-small:0px;\"><div class=\"fusion-column-wrapper fusion-flex-justify-content-flex-start fusion-content-layout-column\"><div class=\"fusion-text fusion-text-9\" style=\"--awb-font-size:20px;--awb-text-color:var(--awb-color1);\"><p>Kungsbacka \u2013 G\u00f6teborg<\/p>\n<\/div><div ><a class=\"fusion-button button-3d button-medium button-custom fusion-button-default button-8 fusion-button-default-span fusion-button-default-type\" style=\"--button_bevel_color:var(--awb-color1);--button_bevel_color_hover:var(--awb-color1);--button_accent_color:var(--awb-color4);--button_border_color:var(--awb-color4);--button_accent_hover_color:var(--awb-color1);--button_border_hover_color:var(--awb-color1);--button_gradient_top_color:var(--awb-color1);--button_gradient_bottom_color:var(--awb-color1);--button_gradient_top_color_hover:hsla(var(--awb-color4-h),var(--awb-color4-s),calc(var(--awb-color4-l) + 3%),var(--awb-color4-a));--button_gradient_bottom_color_hover:hsla(var(--awb-color4-h),var(--awb-color4-s),calc(var(--awb-color4-l) + 3%),var(--awb-color4-a));\" target=\"_self\" href=\"https:\/\/rentabikehalmstad.se\/de\/kungsbacka-goeteborg\/\"><span class=\"fusion-button-text awb-button__text awb-button__text--default\">Mehr erfahren<\/span><\/a><\/div><\/div><\/div><\/div><\/div>\n<\/p>\n","protected":false},"excerpt":{"rendered":"","protected":false},"author":1,"featured_media":1342,"parent":0,"menu_order":0,"comment_status":"closed","ping_status":"open","template":"100-width.php","meta":{"footnotes":""},"class_list":["post-1414","page","type-page","status-publish","has-post-thumbnail","hentry"],"_links":{"self":[{"href":"https:\/\/rentabikehalmstad.se\/de\/wp-json\/wp\/v2\/pages\/1414","targetHints":{"allow":["GET"]}}],"collection":[{"href":"https:\/\/rentabikehalmstad.se\/de\/wp-json\/wp\/v2\/pages"}],"about":[{"href":"https:\/\/rentabikehalmstad.se\/de\/wp-json\/wp\/v2\/types\/page"}],"author":[{"embeddable":true,"href":"https:\/\/rentabikehalmstad.se\/de\/wp-json\/wp\/v2\/users\/1"}],"replies":[{"embeddable":true,"href":"https:\/\/rentabikehalmstad.se\/de\/wp-json\/wp\/v2\/comments?post=1414"}],"version-history":[{"count":3,"href":"https:\/\/rentabikehalmstad.se\/de\/wp-json\/wp\/v2\/pages\/1414\/revisions"}],"predecessor-version":[{"id":1417,"href":"https:\/\/rentabikehalmstad.se\/de\/wp-json\/wp\/v2\/pages\/1414\/revisions\/1417"}],"wp:featuredmedia":[{"embeddable":true,"href":"https:\/\/rentabikehalmstad.se\/de\/wp-json\/wp\/v2\/media\/1342"}],"wp:attachment":[{"href":"https:\/\/rentabikehalmstad.se\/de\/wp-json\/wp\/v2\/media?parent=1414"}],"curies":[{"name":"wp","href":"https:\/\/api.w.org\/{rel}","templated":true}]}}